{"id":154649,"date":"2022-05-01T22:49:07","date_gmt":"2022-05-02T03:49:07","guid":{"rendered":"https:\/\/website.dev.stmtires.com\/shop\/sin categor\u00eda\/295-75r22-5-g-tl-general-rd\/"},"modified":"2022-05-01T22:49:07","modified_gmt":"2022-05-02T03:49:07","slug":"295-75r22-5-g-tl-general-rd-2","status":"publish","type":"product","link":"https:\/\/stmtires.com\/es\/shop\/general-es\/295-75r22-5-g-tl-general-rd-2\/","title":{"rendered":"295\/75R22.5 G TL GENERAL RD"},"content":{"rendered":"<p>Cami\u00f3n\/Autob\u00fas Comercial. Cami\u00f3n de servicio mediano Open Shoulder Regional Drive Position Radial Truck neum\u00e1tico.<\/p>\n","protected":false},"excerpt":{"rendered":"<p>Cami\u00f3n\/Autob\u00fas Comercial. Cami\u00f3n de servicio mediano Open Shoulder Regional Drive Position Radial Truck neum\u00e1tico.<\/p>\n","protected":false},"featured_media":226772,"comment_status":"open","ping_status":"closed","template":"","meta":{"_acf_changed":false,"subheading":[]},"product_model":[22285],"product_brand":[15741],"product_cat":[19286,19288,19310,16272,19289,19332,16304,19323],"product_tag":[],"class_list":{"0":"post-154649","1":"product","2":"type-product","3":"status-publish","4":"has-post-thumbnail","6":"product_model-general-rd-es","7":"product_brand-general-es","8":"product_cat-camion-autobus-comercial","9":"product_cat-conducir","10":"product_cat-hombro-abierto","11":"product_cat-on-off-highway-service","12":"product_cat-radial-es","13":"product_cat-servicio-regional","14":"product_cat-smartway","15":"product_cat-smartway-en-ingles","16":"pa_tire-size-295-75r22-5-es","18":"first","19":"instock","20":"shipping-taxable","21":"purchasable","22":"product-type-simple"},"acf":[],"_links":{"self":[{"href":"https:\/\/stmtires.com\/es\/wp-json\/wp\/v2\/product\/154649","targetHints":{"allow":["GET"]}}],"collection":[{"href":"https:\/\/stmtires.com\/es\/wp-json\/wp\/v2\/product"}],"about":[{"href":"https:\/\/stmtires.com\/es\/wp-json\/wp\/v2\/types\/product"}],"replies":[{"embeddable":true,"href":"https:\/\/stmtires.com\/es\/wp-json\/wp\/v2\/comments?post=154649"}],"wp:featuredmedia":[{"embeddable":true,"href":"https:\/\/stmtires.com\/es\/wp-json\/wp\/v2\/media\/226772"}],"wp:attachment":[{"href":"https:\/\/stmtires.com\/es\/wp-json\/wp\/v2\/media?parent=154649"}],"wp:term":[{"taxonomy":"product_model","embeddable":true,"href":"https:\/\/stmtires.com\/es\/wp-json\/wp\/v2\/product_model?post=154649"},{"taxonomy":"product_brand","embeddable":true,"href":"https:\/\/stmtires.com\/es\/wp-json\/wp\/v2\/product_brand?post=154649"},{"taxonomy":"product_cat","embeddable":true,"href":"https:\/\/stmtires.com\/es\/wp-json\/wp\/v2\/product_cat?post=154649"},{"taxonomy":"product_tag","embeddable":true,"href":"https:\/\/stmtires.com\/es\/wp-json\/wp\/v2\/product_tag?post=154649"}],"curies":[{"name":"wp","href":"https:\/\/api.w.org\/{rel}","templated":true}]}}