{"id":154654,"date":"2022-05-01T22:28:10","date_gmt":"2022-05-02T03:28:10","guid":{"rendered":"https:\/\/website.dev.stmtires.com\/shop\/sin categor\u00eda\/225-70r19-5-g-tl-conti-terraplus-hd3\/"},"modified":"2022-05-01T22:28:10","modified_gmt":"2022-05-02T03:28:10","slug":"225-70r19-5-g-tl-conti-terraplus-hd3-2","status":"publish","type":"product","link":"https:\/\/stmtires.com\/es\/shop\/continental-es\/225-70r19-5-g-tl-conti-terraplus-hd3-2\/","title":{"rendered":"225\/70R19.5 G TL CONTI TERRAPLUS HD3"},"content":{"rendered":"<p>Neum\u00e1tico de accionamiento de hombro abierto para camiones de servicio pesado de construcci\u00f3n dise\u00f1ado para funcionar en aplicaciones regionales de alta velocidad mientras ofrece rendimiento todoterreno.<\/p>\n","protected":false},"excerpt":{"rendered":"<p>Neum\u00e1tico de accionamiento de hombro abierto para camiones de servicio pesado de construcci\u00f3n dise\u00f1ado para funcionar en aplicaciones regionales de alta velocidad mientras ofrece rendimiento todoterreno.<\/p>\n","protected":false},"featured_media":226665,"comment_status":"open","ping_status":"closed","template":"","meta":{"_acf_changed":false,"subheading":[]},"product_model":[22255],"product_brand":[15742],"product_cat":[19288,19310,19265,16241,19332],"product_tag":[],"class_list":{"0":"post-154654","1":"product","2":"type-product","3":"status-publish","4":"has-post-thumbnail","6":"product_model-conti-terraplus-hd3-es","7":"product_brand-continental-es","8":"product_cat-conducir","9":"product_cat-hombro-abierto","10":"product_cat-invierno","11":"product_cat-passenger-car-minivan","12":"product_cat-servicio-regional","13":"pa_tire-size-225-70r19-5-es","15":"first","16":"instock","17":"shipping-taxable","18":"purchasable","19":"product-type-simple"},"acf":[],"_links":{"self":[{"href":"https:\/\/stmtires.com\/es\/wp-json\/wp\/v2\/product\/154654","targetHints":{"allow":["GET"]}}],"collection":[{"href":"https:\/\/stmtires.com\/es\/wp-json\/wp\/v2\/product"}],"about":[{"href":"https:\/\/stmtires.com\/es\/wp-json\/wp\/v2\/types\/product"}],"replies":[{"embeddable":true,"href":"https:\/\/stmtires.com\/es\/wp-json\/wp\/v2\/comments?post=154654"}],"wp:featuredmedia":[{"embeddable":true,"href":"https:\/\/stmtires.com\/es\/wp-json\/wp\/v2\/media\/226665"}],"wp:attachment":[{"href":"https:\/\/stmtires.com\/es\/wp-json\/wp\/v2\/media?parent=154654"}],"wp:term":[{"taxonomy":"product_model","embeddable":true,"href":"https:\/\/stmtires.com\/es\/wp-json\/wp\/v2\/product_model?post=154654"},{"taxonomy":"product_brand","embeddable":true,"href":"https:\/\/stmtires.com\/es\/wp-json\/wp\/v2\/product_brand?post=154654"},{"taxonomy":"product_cat","embeddable":true,"href":"https:\/\/stmtires.com\/es\/wp-json\/wp\/v2\/product_cat?post=154654"},{"taxonomy":"product_tag","embeddable":true,"href":"https:\/\/stmtires.com\/es\/wp-json\/wp\/v2\/product_tag?post=154654"}],"curies":[{"name":"wp","href":"https:\/\/api.w.org\/{rel}","templated":true}]}}