{"id":154663,"date":"2022-05-01T13:23:35","date_gmt":"2022-05-01T18:23:35","guid":{"rendered":"https:\/\/website.dev.stmtires.com\/shop\/sin%20categor\u00eda\/445-65r22-5-l-grabber-oa-base-ancha\/"},"modified":"2022-05-17T11:53:06","modified_gmt":"2022-05-17T16:53:06","slug":"445-65r22-5-l-grabber-oa-wide-base","status":"publish","type":"product","link":"https:\/\/stmtires.com\/es\/shop\/general-es\/445-65r22-5-l-grabber-oa-wide-base\/","title":{"rendered":"445\/65R22.5 L GRABBER OA BASE ANCHA"},"content":{"rendered":"<p>Cami\u00f3n\/Autob\u00fas Comercial. Agresivo neum\u00e1tico de cami\u00f3n s\u00faper monoplaza de servicio medio \/ pesado en todas las posiciones adecuado para aplicaciones de servicio m\u00faltiple y con excelente tracci\u00f3n en servicio on \/ off-road.<\/p>\n","protected":false},"excerpt":{"rendered":"<p>Cami\u00f3n\/Autob\u00fas Comercial. Agresivo neum\u00e1tico de cami\u00f3n s\u00faper monoplaza de servicio medio \/ pesado en todas las posiciones adecuado para aplicaciones de servicio m\u00faltiple y con excelente tracci\u00f3n en servicio on \/ off-road.<\/p>\n","protected":false},"featured_media":225220,"comment_status":"open","ping_status":"closed","template":"","meta":{"_acf_changed":false,"subheading":[]},"product_model":[22259],"product_brand":[15741],"product_cat":[19286,19288,19310,16307,19316],"product_tag":[],"class_list":{"0":"post-154663","1":"product","2":"type-product","3":"status-publish","4":"has-post-thumbnail","6":"product_model-grabber-oa-wb-es","7":"product_brand-general-es","8":"product_cat-camion-autobus-comercial","9":"product_cat-conducir","10":"product_cat-hombro-abierto","11":"product_cat-open-shoulder","12":"product_cat-todas-las-posiciones","13":"pa_tire-size-445-65r22-5-es","15":"first","16":"instock","17":"shipping-taxable","18":"purchasable","19":"product-type-simple"},"acf":[],"_links":{"self":[{"href":"https:\/\/stmtires.com\/es\/wp-json\/wp\/v2\/product\/154663","targetHints":{"allow":["GET"]}}],"collection":[{"href":"https:\/\/stmtires.com\/es\/wp-json\/wp\/v2\/product"}],"about":[{"href":"https:\/\/stmtires.com\/es\/wp-json\/wp\/v2\/types\/product"}],"replies":[{"embeddable":true,"href":"https:\/\/stmtires.com\/es\/wp-json\/wp\/v2\/comments?post=154663"}],"wp:featuredmedia":[{"embeddable":true,"href":"https:\/\/stmtires.com\/es\/wp-json\/wp\/v2\/media\/225220"}],"wp:attachment":[{"href":"https:\/\/stmtires.com\/es\/wp-json\/wp\/v2\/media?parent=154663"}],"wp:term":[{"taxonomy":"product_model","embeddable":true,"href":"https:\/\/stmtires.com\/es\/wp-json\/wp\/v2\/product_model?post=154663"},{"taxonomy":"product_brand","embeddable":true,"href":"https:\/\/stmtires.com\/es\/wp-json\/wp\/v2\/product_brand?post=154663"},{"taxonomy":"product_cat","embeddable":true,"href":"https:\/\/stmtires.com\/es\/wp-json\/wp\/v2\/product_cat?post=154663"},{"taxonomy":"product_tag","embeddable":true,"href":"https:\/\/stmtires.com\/es\/wp-json\/wp\/v2\/product_tag?post=154663"}],"curies":[{"name":"wp","href":"https:\/\/api.w.org\/{rel}","templated":true}]}}