{"id":154831,"date":"2022-05-12T14:42:44","date_gmt":"2022-05-12T19:42:44","guid":{"rendered":"https:\/\/website.dev.stmtires.com\/shop\/sin categor\u00eda\/11r24-5-g-qr35-tr-servicio-de-remolque\/"},"modified":"2022-05-12T14:42:44","modified_gmt":"2022-05-12T19:42:44","slug":"11r24-5-g-qr35-tr-trailer-service-2","status":"publish","type":"product","link":"https:\/\/stmtires.com\/es\/shop\/gladiator\/11r24-5-g-qr35-tr-trailer-service-2\/","title":{"rendered":"11R24.5 G QR35-TR SERVICIO DE REMOLQUE"},"content":{"rendered":"<p>Cami\u00f3n\/Autob\u00fas Comercial. Neum\u00e1tico de carretera de banda de rodadura poco profunda para cami\u00f3n de servicio mediano verificado por SmartWay para el servicio de posici\u00f3n \/ posici\u00f3n total del remolque.<\/p>\n","protected":false},"excerpt":{"rendered":"<p>Cami\u00f3n\/Autob\u00fas Comercial. Neum\u00e1tico de carretera de banda de rodadura poco profunda para cami\u00f3n de servicio mediano verificado por SmartWay para el servicio de posici\u00f3n \/ posici\u00f3n total del remolque.<\/p>\n","protected":false},"featured_media":220859,"comment_status":"open","ping_status":"closed","template":"","meta":{"_acf_changed":false,"subheading":[]},"product_model":[22865],"product_brand":[108],"product_cat":[19286,19336,19287,19323,19316],"product_tag":[],"class_list":{"0":"post-154831","1":"product","2":"type-product","3":"status-publish","4":"has-post-thumbnail","6":"product_model-qr35-tr-trailer-service-es","7":"product_brand-gladiator","8":"product_cat-camion-autobus-comercial","9":"product_cat-posicion-del-remolque","10":"product_cat-servicio-de-autopistas","11":"product_cat-smartway-en-ingles","12":"product_cat-todas-las-posiciones","13":"pa_tire-size-11r24-5-es","15":"first","16":"instock","17":"shipping-taxable","18":"purchasable","19":"product-type-simple"},"acf":[],"_links":{"self":[{"href":"https:\/\/stmtires.com\/es\/wp-json\/wp\/v2\/product\/154831","targetHints":{"allow":["GET"]}}],"collection":[{"href":"https:\/\/stmtires.com\/es\/wp-json\/wp\/v2\/product"}],"about":[{"href":"https:\/\/stmtires.com\/es\/wp-json\/wp\/v2\/types\/product"}],"replies":[{"embeddable":true,"href":"https:\/\/stmtires.com\/es\/wp-json\/wp\/v2\/comments?post=154831"}],"wp:featuredmedia":[{"embeddable":true,"href":"https:\/\/stmtires.com\/es\/wp-json\/wp\/v2\/media\/220859"}],"wp:attachment":[{"href":"https:\/\/stmtires.com\/es\/wp-json\/wp\/v2\/media?parent=154831"}],"wp:term":[{"taxonomy":"product_model","embeddable":true,"href":"https:\/\/stmtires.com\/es\/wp-json\/wp\/v2\/product_model?post=154831"},{"taxonomy":"product_brand","embeddable":true,"href":"https:\/\/stmtires.com\/es\/wp-json\/wp\/v2\/product_brand?post=154831"},{"taxonomy":"product_cat","embeddable":true,"href":"https:\/\/stmtires.com\/es\/wp-json\/wp\/v2\/product_cat?post=154831"},{"taxonomy":"product_tag","embeddable":true,"href":"https:\/\/stmtires.com\/es\/wp-json\/wp\/v2\/product_tag?post=154831"}],"curies":[{"name":"wp","href":"https:\/\/api.w.org\/{rel}","templated":true}]}}