{"id":154835,"date":"2022-05-11T11:45:17","date_gmt":"2022-05-11T16:45:17","guid":{"rendered":"https:\/\/website.dev.stmtires.com\/shop\/sin categor\u00eda\/11r225-g-dr454\/"},"modified":"2022-05-11T11:45:17","modified_gmt":"2022-05-11T16:45:17","slug":"11r22-5-g-dr454-2","status":"publish","type":"product","link":"https:\/\/stmtires.com\/es\/shop\/bfgoodrich-es\/11r22-5-g-dr454-2\/","title":{"rendered":"11R22,5 G DR454"},"content":{"rendered":"<p>Cami\u00f3n\/Autob\u00fas Comercial. Neum\u00e1tico de posici\u00f3n de accionamiento radial de cami\u00f3n de servicio medio verificado smartway.<\/p>\n","protected":false},"excerpt":{"rendered":"<p>Cami\u00f3n\/Autob\u00fas Comercial. Neum\u00e1tico de posici\u00f3n de accionamiento radial de cami\u00f3n de servicio medio verificado smartway.<\/p>\n","protected":false},"featured_media":226247,"comment_status":"open","ping_status":"closed","template":"","meta":{"_acf_changed":false,"subheading":[]},"product_model":[22343],"product_brand":[15735],"product_cat":[19286,19288,19323],"product_tag":[],"class_list":{"0":"post-154835","1":"product","2":"type-product","3":"status-publish","4":"has-post-thumbnail","6":"product_model-dr454-es-2","7":"product_brand-bfgoodrich-es","8":"product_cat-camion-autobus-comercial","9":"product_cat-conducir","10":"product_cat-smartway-en-ingles","11":"pa_tire-size-11r22-5-es","13":"first","14":"instock","15":"shipping-taxable","16":"purchasable","17":"product-type-simple"},"acf":[],"_links":{"self":[{"href":"https:\/\/stmtires.com\/es\/wp-json\/wp\/v2\/product\/154835","targetHints":{"allow":["GET"]}}],"collection":[{"href":"https:\/\/stmtires.com\/es\/wp-json\/wp\/v2\/product"}],"about":[{"href":"https:\/\/stmtires.com\/es\/wp-json\/wp\/v2\/types\/product"}],"replies":[{"embeddable":true,"href":"https:\/\/stmtires.com\/es\/wp-json\/wp\/v2\/comments?post=154835"}],"wp:featuredmedia":[{"embeddable":true,"href":"https:\/\/stmtires.com\/es\/wp-json\/wp\/v2\/media\/226247"}],"wp:attachment":[{"href":"https:\/\/stmtires.com\/es\/wp-json\/wp\/v2\/media?parent=154835"}],"wp:term":[{"taxonomy":"product_model","embeddable":true,"href":"https:\/\/stmtires.com\/es\/wp-json\/wp\/v2\/product_model?post=154835"},{"taxonomy":"product_brand","embeddable":true,"href":"https:\/\/stmtires.com\/es\/wp-json\/wp\/v2\/product_brand?post=154835"},{"taxonomy":"product_cat","embeddable":true,"href":"https:\/\/stmtires.com\/es\/wp-json\/wp\/v2\/product_cat?post=154835"},{"taxonomy":"product_tag","embeddable":true,"href":"https:\/\/stmtires.com\/es\/wp-json\/wp\/v2\/product_tag?post=154835"}],"curies":[{"name":"wp","href":"https:\/\/api.w.org\/{rel}","templated":true}]}}