{"id":154840,"date":"2022-05-05T14:17:32","date_gmt":"2022-05-05T19:17:32","guid":{"rendered":"https:\/\/website.dev.stmtires.com\/shop\/sin categor\u00eda\/11r225-g-hdl2-it\/"},"modified":"2022-05-05T14:17:32","modified_gmt":"2022-05-05T19:17:32","slug":"11r22-5-g-hdl2-it-2","status":"publish","type":"product","link":"https:\/\/stmtires.com\/es\/shop\/continental-es\/11r22-5-g-hdl2-it-2\/","title":{"rendered":"11R22,5 G HDL2 iT"},"content":{"rendered":"<p>Cami\u00f3n\/Autob\u00fas Comercial. SmartWay verificado. Cami\u00f3n de servicio mediano neum\u00e1tico de larga distancia sobre la posici\u00f3n de conducci\u00f3n por carretera.<\/p>\n","protected":false},"excerpt":{"rendered":"<p>Cami\u00f3n\/Autob\u00fas Comercial. SmartWay verificado. Cami\u00f3n de servicio mediano neum\u00e1tico de larga distancia sobre la posici\u00f3n de conducci\u00f3n por carretera.<\/p>\n","protected":false},"featured_media":224989,"comment_status":"open","ping_status":"closed","template":"","meta":{"_acf_changed":false,"subheading":[]},"product_model":[22282],"product_brand":[15742],"product_cat":[19286,19288,19323],"product_tag":[],"class_list":{"0":"post-154840","1":"product","2":"type-product","3":"status-publish","4":"has-post-thumbnail","6":"product_model-hdl2-es","7":"product_brand-continental-es","8":"product_cat-camion-autobus-comercial","9":"product_cat-conducir","10":"product_cat-smartway-en-ingles","11":"pa_tire-size-11r22-5-es","13":"first","14":"instock","15":"shipping-taxable","16":"purchasable","17":"product-type-simple"},"acf":[],"_links":{"self":[{"href":"https:\/\/stmtires.com\/es\/wp-json\/wp\/v2\/product\/154840","targetHints":{"allow":["GET"]}}],"collection":[{"href":"https:\/\/stmtires.com\/es\/wp-json\/wp\/v2\/product"}],"about":[{"href":"https:\/\/stmtires.com\/es\/wp-json\/wp\/v2\/types\/product"}],"replies":[{"embeddable":true,"href":"https:\/\/stmtires.com\/es\/wp-json\/wp\/v2\/comments?post=154840"}],"wp:featuredmedia":[{"embeddable":true,"href":"https:\/\/stmtires.com\/es\/wp-json\/wp\/v2\/media\/224989"}],"wp:attachment":[{"href":"https:\/\/stmtires.com\/es\/wp-json\/wp\/v2\/media?parent=154840"}],"wp:term":[{"taxonomy":"product_model","embeddable":true,"href":"https:\/\/stmtires.com\/es\/wp-json\/wp\/v2\/product_model?post=154840"},{"taxonomy":"product_brand","embeddable":true,"href":"https:\/\/stmtires.com\/es\/wp-json\/wp\/v2\/product_brand?post=154840"},{"taxonomy":"product_cat","embeddable":true,"href":"https:\/\/stmtires.com\/es\/wp-json\/wp\/v2\/product_cat?post=154840"},{"taxonomy":"product_tag","embeddable":true,"href":"https:\/\/stmtires.com\/es\/wp-json\/wp\/v2\/product_tag?post=154840"}],"curies":[{"name":"wp","href":"https:\/\/api.w.org\/{rel}","templated":true}]}}