{"id":154874,"date":"2022-05-01T23:28:20","date_gmt":"2022-05-02T04:28:20","guid":{"rendered":"https:\/\/website.dev.stmtires.com\/shop\/sin categor\u00eda\/295-75r22-5-h-hdl2\/"},"modified":"2022-05-01T23:28:20","modified_gmt":"2022-05-02T04:28:20","slug":"295-75r22-5-h-hdl2-2","status":"publish","type":"product","link":"https:\/\/stmtires.com\/es\/shop\/continental-es\/295-75r22-5-h-hdl2-2\/","title":{"rendered":"295\/75R22.5 H HDL2"},"content":{"rendered":"<p>Cami\u00f3n\/Autob\u00fas Comercial. SmartWay verificado. Cami\u00f3n de servicio mediano neum\u00e1tico de larga distancia sobre la posici\u00f3n de conducci\u00f3n por carretera.<\/p>\n","protected":false},"excerpt":{"rendered":"<p>Cami\u00f3n\/Autob\u00fas Comercial. SmartWay verificado. Cami\u00f3n de servicio mediano neum\u00e1tico de larga distancia sobre la posici\u00f3n de conducci\u00f3n por carretera.<\/p>\n","protected":false},"featured_media":224989,"comment_status":"open","ping_status":"closed","template":"","meta":{"_acf_changed":false,"subheading":[]},"product_model":[22282],"product_brand":[15742],"product_cat":[19286,19288,19323],"product_tag":[],"class_list":{"0":"post-154874","1":"product","2":"type-product","3":"status-publish","4":"has-post-thumbnail","6":"product_model-hdl2-es","7":"product_brand-continental-es","8":"product_cat-camion-autobus-comercial","9":"product_cat-conducir","10":"product_cat-smartway-en-ingles","11":"pa_tire-size-295-75r22-5-es","13":"first","14":"instock","15":"shipping-taxable","16":"purchasable","17":"product-type-simple"},"acf":[],"_links":{"self":[{"href":"https:\/\/stmtires.com\/es\/wp-json\/wp\/v2\/product\/154874","targetHints":{"allow":["GET"]}}],"collection":[{"href":"https:\/\/stmtires.com\/es\/wp-json\/wp\/v2\/product"}],"about":[{"href":"https:\/\/stmtires.com\/es\/wp-json\/wp\/v2\/types\/product"}],"replies":[{"embeddable":true,"href":"https:\/\/stmtires.com\/es\/wp-json\/wp\/v2\/comments?post=154874"}],"wp:featuredmedia":[{"embeddable":true,"href":"https:\/\/stmtires.com\/es\/wp-json\/wp\/v2\/media\/224989"}],"wp:attachment":[{"href":"https:\/\/stmtires.com\/es\/wp-json\/wp\/v2\/media?parent=154874"}],"wp:term":[{"taxonomy":"product_model","embeddable":true,"href":"https:\/\/stmtires.com\/es\/wp-json\/wp\/v2\/product_model?post=154874"},{"taxonomy":"product_brand","embeddable":true,"href":"https:\/\/stmtires.com\/es\/wp-json\/wp\/v2\/product_brand?post=154874"},{"taxonomy":"product_cat","embeddable":true,"href":"https:\/\/stmtires.com\/es\/wp-json\/wp\/v2\/product_cat?post=154874"},{"taxonomy":"product_tag","embeddable":true,"href":"https:\/\/stmtires.com\/es\/wp-json\/wp\/v2\/product_tag?post=154874"}],"curies":[{"name":"wp","href":"https:\/\/api.w.org\/{rel}","templated":true}]}}