{"id":154900,"date":"2022-04-22T09:25:44","date_gmt":"2022-04-22T14:25:44","guid":{"rendered":"https:\/\/website.dev.stmtires.com\/shop\/sin categor\u00eda\/285-75r245-g-htl-eco-plus\/"},"modified":"2022-04-22T09:25:44","modified_gmt":"2022-04-22T14:25:44","slug":"285-75r24-5-g-htl-eco-plus-2","status":"publish","type":"product","link":"https:\/\/stmtires.com\/es\/shop\/continental-es\/285-75r24-5-g-htl-eco-plus-2\/","title":{"rendered":"285\/75R24,5 G HTL ECO PLUS"},"content":{"rendered":"<p>Cami\u00f3n\/Autob\u00fas Comercial. SmartWay verificado. Neum\u00e1tico de posici\u00f3n de remolque pesado de cami\u00f3n de servicio mediano para remolque de larga distancia y uso de posici\u00f3n de rodadura libre.<\/p>\n","protected":false},"excerpt":{"rendered":"<p>Cami\u00f3n\/Autob\u00fas Comercial. SmartWay verificado. Neum\u00e1tico de posici\u00f3n de remolque pesado de cami\u00f3n de servicio mediano para remolque de larga distancia y uso de posici\u00f3n de rodadura libre.<\/p>\n","protected":false},"featured_media":224243,"comment_status":"open","ping_status":"closed","template":"","meta":{"_acf_changed":false,"subheading":[]},"product_model":[22244],"product_brand":[15742],"product_cat":[19286,19336,19323],"product_tag":[],"class_list":{"0":"post-154900","1":"product","2":"type-product","3":"status-publish","4":"has-post-thumbnail","6":"product_model-htl-eco-plus-es","7":"product_brand-continental-es","8":"product_cat-camion-autobus-comercial","9":"product_cat-posicion-del-remolque","10":"product_cat-smartway-en-ingles","11":"pa_tire-size-285-75r24-5-es","13":"first","14":"instock","15":"shipping-taxable","16":"purchasable","17":"product-type-simple"},"acf":[],"_links":{"self":[{"href":"https:\/\/stmtires.com\/es\/wp-json\/wp\/v2\/product\/154900","targetHints":{"allow":["GET"]}}],"collection":[{"href":"https:\/\/stmtires.com\/es\/wp-json\/wp\/v2\/product"}],"about":[{"href":"https:\/\/stmtires.com\/es\/wp-json\/wp\/v2\/types\/product"}],"replies":[{"embeddable":true,"href":"https:\/\/stmtires.com\/es\/wp-json\/wp\/v2\/comments?post=154900"}],"wp:featuredmedia":[{"embeddable":true,"href":"https:\/\/stmtires.com\/es\/wp-json\/wp\/v2\/media\/224243"}],"wp:attachment":[{"href":"https:\/\/stmtires.com\/es\/wp-json\/wp\/v2\/media?parent=154900"}],"wp:term":[{"taxonomy":"product_model","embeddable":true,"href":"https:\/\/stmtires.com\/es\/wp-json\/wp\/v2\/product_model?post=154900"},{"taxonomy":"product_brand","embeddable":true,"href":"https:\/\/stmtires.com\/es\/wp-json\/wp\/v2\/product_brand?post=154900"},{"taxonomy":"product_cat","embeddable":true,"href":"https:\/\/stmtires.com\/es\/wp-json\/wp\/v2\/product_cat?post=154900"},{"taxonomy":"product_tag","embeddable":true,"href":"https:\/\/stmtires.com\/es\/wp-json\/wp\/v2\/product_tag?post=154900"}],"curies":[{"name":"wp","href":"https:\/\/api.w.org\/{rel}","templated":true}]}}