{"id":154940,"date":"2022-05-12T18:16:17","date_gmt":"2022-05-12T23:16:17","guid":{"rendered":"https:\/\/website.dev.stmtires.com\/shop\/sin categor\u00eda\/245-40rf18-advan-sport-zps-run-flat\/"},"modified":"2022-05-12T18:16:17","modified_gmt":"2022-05-12T23:16:17","slug":"245-40rf18-advan-sport-zps-run-flat-2","status":"publish","type":"product","link":"https:\/\/stmtires.com\/es\/shop\/yokohama\/245-40rf18-advan-sport-zps-run-flat-2\/","title":{"rendered":"245\/40RF18 ADVAN SPORT ZPS RUN FLAT"},"content":{"rendered":"<p>Neum\u00e1tico de verano de ultra alto rendimiento para autom\u00f3viles de pasajeros con sistema de presi\u00f3n cero (ZPS) Run Flat Capabilities.<\/p>\n","protected":false},"excerpt":{"rendered":"<p>Neum\u00e1tico de verano de ultra alto rendimiento para autom\u00f3viles de pasajeros con sistema de presi\u00f3n cero (ZPS) Run Flat Capabilities.<\/p>\n","protected":false},"featured_media":222014,"comment_status":"open","ping_status":"closed","template":"","meta":{"_acf_changed":false,"subheading":[]},"product_model":[22958],"product_brand":[54],"product_cat":[19264,19271,16236,16436,19253],"product_tag":[],"class_list":{"0":"post-154940","1":"product","2":"type-product","3":"status-publish","4":"has-post-thumbnail","6":"product_model-advan-sport-zps-es","7":"product_brand-yokohama","8":"product_cat-alto-rendimiento-hp","9":"product_cat-corre-plano","10":"product_cat-high-performance-hp","11":"product_cat-rendimiento-ultra-alto-uhp","12":"product_cat-uncategorized","13":"pa_tire-size-245-40r18-es","15":"first","16":"instock","17":"shipping-taxable","18":"purchasable","19":"product-type-simple"},"acf":[],"_links":{"self":[{"href":"https:\/\/stmtires.com\/es\/wp-json\/wp\/v2\/product\/154940","targetHints":{"allow":["GET"]}}],"collection":[{"href":"https:\/\/stmtires.com\/es\/wp-json\/wp\/v2\/product"}],"about":[{"href":"https:\/\/stmtires.com\/es\/wp-json\/wp\/v2\/types\/product"}],"replies":[{"embeddable":true,"href":"https:\/\/stmtires.com\/es\/wp-json\/wp\/v2\/comments?post=154940"}],"wp:featuredmedia":[{"embeddable":true,"href":"https:\/\/stmtires.com\/es\/wp-json\/wp\/v2\/media\/222014"}],"wp:attachment":[{"href":"https:\/\/stmtires.com\/es\/wp-json\/wp\/v2\/media?parent=154940"}],"wp:term":[{"taxonomy":"product_model","embeddable":true,"href":"https:\/\/stmtires.com\/es\/wp-json\/wp\/v2\/product_model?post=154940"},{"taxonomy":"product_brand","embeddable":true,"href":"https:\/\/stmtires.com\/es\/wp-json\/wp\/v2\/product_brand?post=154940"},{"taxonomy":"product_cat","embeddable":true,"href":"https:\/\/stmtires.com\/es\/wp-json\/wp\/v2\/product_cat?post=154940"},{"taxonomy":"product_tag","embeddable":true,"href":"https:\/\/stmtires.com\/es\/wp-json\/wp\/v2\/product_tag?post=154940"}],"curies":[{"name":"wp","href":"https:\/\/api.w.org\/{rel}","templated":true}]}}