{"id":154962,"date":"2022-05-11T11:55:43","date_gmt":"2022-05-11T16:55:43","guid":{"rendered":"https:\/\/website.dev.stmtires.com\/shop\/sin categor\u00eda\/26x12n12-x-cesped-tweel-centro-negro-pernos-5-4-5-in-offset-0-67-diametro-de-agujero-3-19\/"},"modified":"2022-05-11T11:55:43","modified_gmt":"2022-05-11T16:55:43","slug":"26x12n12-x-tweel-turf-black-center-bolts-5-4-5-in-offset-0-67-hole-dia-3-19-2","status":"publish","type":"product","link":"https:\/\/stmtires.com\/es\/shop\/michelin-es\/26x12n12-x-tweel-turf-black-center-bolts-5-4-5-in-offset-0-67-hole-dia-3-19-2\/","title":{"rendered":"26X12N12 X C\u00c9SPED TWEEL (CENTRO NEGRO, PERNOS 5\/4.5 IN. OFFSET +0.67 DI\u00c1METRO DE AGUJERO 3.19)"},"content":{"rendered":"<p>Una sola unidad, neum\u00e1tico s\u00f3lido y rueda dise\u00f1ados para su uso en cortadoras de c\u00e9sped de giro cero que reemplazan el conjunto actual de neum\u00e1ticos, ruedas y v\u00e1lvulas.<\/p>\n","protected":false},"excerpt":{"rendered":"<p>Una sola unidad, neum\u00e1tico s\u00f3lido y rueda dise\u00f1ados para su uso en cortadoras de c\u00e9sped de giro cero que reemplazan el conjunto actual de neum\u00e1ticos, ruedas y v\u00e1lvulas.<\/p>\n","protected":false},"featured_media":225686,"comment_status":"open","ping_status":"closed","template":"","meta":{"_acf_changed":false,"subheading":[]},"product_model":[22353],"product_brand":[15734],"product_cat":[19314,19348,19349,19313,19309,19289,19296],"product_tag":[],"class_list":{"0":"post-154962","1":"product","2":"type-product","3":"status-publish","4":"has-post-thumbnail","6":"product_model-x-tweel-turf-es-2","7":"product_brand-michelin-es","8":"product_cat-bloquear","9":"product_cat-cesped-y-jardin","10":"product_cat-golf-es","11":"product_cat-mineria","12":"product_cat-otr-construccion","13":"product_cat-radial-es","14":"product_cat-solido","15":"pa_tire-size-26x12r12-es","17":"first","18":"instock","19":"shipping-taxable","20":"purchasable","21":"product-type-simple"},"acf":[],"_links":{"self":[{"href":"https:\/\/stmtires.com\/es\/wp-json\/wp\/v2\/product\/154962","targetHints":{"allow":["GET"]}}],"collection":[{"href":"https:\/\/stmtires.com\/es\/wp-json\/wp\/v2\/product"}],"about":[{"href":"https:\/\/stmtires.com\/es\/wp-json\/wp\/v2\/types\/product"}],"replies":[{"embeddable":true,"href":"https:\/\/stmtires.com\/es\/wp-json\/wp\/v2\/comments?post=154962"}],"wp:featuredmedia":[{"embeddable":true,"href":"https:\/\/stmtires.com\/es\/wp-json\/wp\/v2\/media\/225686"}],"wp:attachment":[{"href":"https:\/\/stmtires.com\/es\/wp-json\/wp\/v2\/media?parent=154962"}],"wp:term":[{"taxonomy":"product_model","embeddable":true,"href":"https:\/\/stmtires.com\/es\/wp-json\/wp\/v2\/product_model?post=154962"},{"taxonomy":"product_brand","embeddable":true,"href":"https:\/\/stmtires.com\/es\/wp-json\/wp\/v2\/product_brand?post=154962"},{"taxonomy":"product_cat","embeddable":true,"href":"https:\/\/stmtires.com\/es\/wp-json\/wp\/v2\/product_cat?post=154962"},{"taxonomy":"product_tag","embeddable":true,"href":"https:\/\/stmtires.com\/es\/wp-json\/wp\/v2\/product_tag?post=154962"}],"curies":[{"name":"wp","href":"https:\/\/api.w.org\/{rel}","templated":true}]}}