{"id":155417,"date":"2022-05-01T23:28:18","date_gmt":"2022-05-02T04:28:18","guid":{"rendered":"https:\/\/website.dev.stmtires.com\/shop\/sin categor\u00eda\/215-75r17-5-h-conti-escandinavia-ht3-17-5\/"},"modified":"2022-05-01T23:28:18","modified_gmt":"2022-05-02T04:28:18","slug":"215-75r17-5-h-conti-escandinavia-ht3-17-5","status":"publish","type":"product","link":"https:\/\/stmtires.com\/es\/shop\/continental-es\/215-75r17-5-h-conti-escandinavia-ht3-17-5\/","title":{"rendered":"215\/75R17.5 H CONTI ESCANDINAVIA HT3 &#8211; 17.5&#8243;"},"content":{"rendered":"<p>Cami\u00f3n\/Autob\u00fas Comercial. Neum\u00e1tico de posici\u00f3n de remolque de plataforma baja de cami\u00f3n de servicio medio de invierno para uso de larga distancia \/ regional sobre la carretera.<\/p>\n","protected":false},"excerpt":{"rendered":"<p>Cami\u00f3n\/Autob\u00fas Comercial. Neum\u00e1tico de posici\u00f3n de remolque de plataforma baja de cami\u00f3n de servicio medio de invierno para uso de larga distancia \/ regional sobre la carretera.<\/p>\n","protected":false},"featured_media":224981,"comment_status":"open","ping_status":"closed","template":"","meta":{"_acf_changed":false,"subheading":[]},"product_model":[22281],"product_brand":[15742],"product_cat":[19286,19265,16272,19336,19287,19332,19323],"product_tag":[],"class_list":{"0":"post-155417","1":"product","2":"type-product","3":"status-publish","4":"has-post-thumbnail","6":"product_model-conti-scandinavia-ht3-17-5-es","7":"product_brand-continental-es","8":"product_cat-camion-autobus-comercial","9":"product_cat-invierno","10":"product_cat-on-off-highway-service","11":"product_cat-posicion-del-remolque","12":"product_cat-servicio-de-autopistas","13":"product_cat-servicio-regional","14":"product_cat-smartway-en-ingles","15":"pa_tire-size-215-75r17-5-es","17":"first","18":"instock","19":"shipping-taxable","20":"purchasable","21":"product-type-simple"},"acf":[],"_links":{"self":[{"href":"https:\/\/stmtires.com\/es\/wp-json\/wp\/v2\/product\/155417","targetHints":{"allow":["GET"]}}],"collection":[{"href":"https:\/\/stmtires.com\/es\/wp-json\/wp\/v2\/product"}],"about":[{"href":"https:\/\/stmtires.com\/es\/wp-json\/wp\/v2\/types\/product"}],"replies":[{"embeddable":true,"href":"https:\/\/stmtires.com\/es\/wp-json\/wp\/v2\/comments?post=155417"}],"wp:featuredmedia":[{"embeddable":true,"href":"https:\/\/stmtires.com\/es\/wp-json\/wp\/v2\/media\/224981"}],"wp:attachment":[{"href":"https:\/\/stmtires.com\/es\/wp-json\/wp\/v2\/media?parent=155417"}],"wp:term":[{"taxonomy":"product_model","embeddable":true,"href":"https:\/\/stmtires.com\/es\/wp-json\/wp\/v2\/product_model?post=155417"},{"taxonomy":"product_brand","embeddable":true,"href":"https:\/\/stmtires.com\/es\/wp-json\/wp\/v2\/product_brand?post=155417"},{"taxonomy":"product_cat","embeddable":true,"href":"https:\/\/stmtires.com\/es\/wp-json\/wp\/v2\/product_cat?post=155417"},{"taxonomy":"product_tag","embeddable":true,"href":"https:\/\/stmtires.com\/es\/wp-json\/wp\/v2\/product_tag?post=155417"}],"curies":[{"name":"wp","href":"https:\/\/api.w.org\/{rel}","templated":true}]}}