{"id":155423,"date":"2022-05-01T23:56:27","date_gmt":"2022-05-02T04:56:27","guid":{"rendered":"https:\/\/website.dev.stmtires.com\/shop\/sin%20categor\u00eda\/295-75r225-g-conti-hybrid-hs3-225\/"},"modified":"2022-05-18T09:59:37","modified_gmt":"2022-05-18T14:59:37","slug":"295-75r22-5-g-conti-hibrido-hs3-22-5","status":"publish","type":"product","link":"https:\/\/stmtires.com\/es\/shop\/continental-es\/295-75r22-5-g-conti-hibrido-hs3-22-5\/","title":{"rendered":"295\/75R22,5 G CONTI HYBRID HS3 &#8211; 22,5&#8243;"},"content":{"rendered":"<p>Cami\u00f3n\/Autob\u00fas Comercial. Cami\u00f3n de servicio medio verificado por SmartWay sobre la carretera Hybrid Steer y neum\u00e1tico de uso en todas las posiciones.<\/p>\n","protected":false},"excerpt":{"rendered":"<p>Cami\u00f3n\/Autob\u00fas Comercial. Cami\u00f3n de servicio medio verificado por SmartWay sobre la carretera Hybrid Steer y neum\u00e1tico de uso en todas las posiciones.<\/p>\n","protected":false},"featured_media":224911,"comment_status":"open","ping_status":"closed","template":"","meta":{"_acf_changed":false,"subheading":[]},"product_model":[22262],"product_brand":[15742],"product_cat":[19286,19321,16304,19323,19316],"product_tag":[],"class_list":{"0":"post-155423","1":"product","2":"type-product","3":"status-publish","4":"has-post-thumbnail","6":"product_model-conti-hybrid-hs3-22-5-es","7":"product_brand-continental-es","8":"product_cat-camion-autobus-comercial","9":"product_cat-conducir-es","10":"product_cat-smartway","11":"product_cat-smartway-en-ingles","12":"product_cat-todas-las-posiciones","13":"pa_tire-size-295-75r22-5-es","15":"first","16":"instock","17":"shipping-taxable","18":"purchasable","19":"product-type-simple"},"acf":[],"_links":{"self":[{"href":"https:\/\/stmtires.com\/es\/wp-json\/wp\/v2\/product\/155423","targetHints":{"allow":["GET"]}}],"collection":[{"href":"https:\/\/stmtires.com\/es\/wp-json\/wp\/v2\/product"}],"about":[{"href":"https:\/\/stmtires.com\/es\/wp-json\/wp\/v2\/types\/product"}],"replies":[{"embeddable":true,"href":"https:\/\/stmtires.com\/es\/wp-json\/wp\/v2\/comments?post=155423"}],"wp:featuredmedia":[{"embeddable":true,"href":"https:\/\/stmtires.com\/es\/wp-json\/wp\/v2\/media\/224911"}],"wp:attachment":[{"href":"https:\/\/stmtires.com\/es\/wp-json\/wp\/v2\/media?parent=155423"}],"wp:term":[{"taxonomy":"product_model","embeddable":true,"href":"https:\/\/stmtires.com\/es\/wp-json\/wp\/v2\/product_model?post=155423"},{"taxonomy":"product_brand","embeddable":true,"href":"https:\/\/stmtires.com\/es\/wp-json\/wp\/v2\/product_brand?post=155423"},{"taxonomy":"product_cat","embeddable":true,"href":"https:\/\/stmtires.com\/es\/wp-json\/wp\/v2\/product_cat?post=155423"},{"taxonomy":"product_tag","embeddable":true,"href":"https:\/\/stmtires.com\/es\/wp-json\/wp\/v2\/product_tag?post=155423"}],"curies":[{"name":"wp","href":"https:\/\/api.w.org\/{rel}","templated":true}]}}