{"id":155457,"date":"2022-05-05T14:17:13","date_gmt":"2022-05-05T19:17:13","guid":{"rendered":"https:\/\/website.dev.stmtires.com\/shop\/sin%20categor\u00eda\/295-75r22-5-h-general-ra-it\/"},"modified":"2022-05-18T10:04:27","modified_gmt":"2022-05-18T15:04:27","slug":"295-75r22-5-h-general-ra-it","status":"publish","type":"product","link":"https:\/\/stmtires.com\/es\/shop\/general-es\/295-75r22-5-h-general-ra-it\/","title":{"rendered":"295\/75R22.5 H GENERAL RA IT"},"content":{"rendered":"<p>Cami\u00f3n\/Autob\u00fas Comercial. Neum\u00e1tico regional de cami\u00f3n de servicio mediano en todas las posiciones adecuado para aplicaciones exigentes.<\/p>\n","protected":false},"excerpt":{"rendered":"<p>Cami\u00f3n\/Autob\u00fas Comercial. Neum\u00e1tico regional de cami\u00f3n de servicio mediano en todas las posiciones adecuado para aplicaciones exigentes.<\/p>\n","protected":false},"featured_media":224833,"comment_status":"open","ping_status":"closed","template":"","meta":{"_acf_changed":false,"subheading":[]},"product_model":[22261],"product_brand":[15741],"product_cat":[19286,19332,19316],"product_tag":[],"class_list":{"0":"post-155457","1":"product","2":"type-product","3":"status-publish","4":"has-post-thumbnail","6":"product_model-general-ra-es","7":"product_brand-general-es","8":"product_cat-camion-autobus-comercial","9":"product_cat-servicio-regional","10":"product_cat-todas-las-posiciones","11":"pa_tire-size-295-75r22-5-es","13":"first","14":"instock","15":"shipping-taxable","16":"purchasable","17":"product-type-simple"},"acf":[],"_links":{"self":[{"href":"https:\/\/stmtires.com\/es\/wp-json\/wp\/v2\/product\/155457","targetHints":{"allow":["GET"]}}],"collection":[{"href":"https:\/\/stmtires.com\/es\/wp-json\/wp\/v2\/product"}],"about":[{"href":"https:\/\/stmtires.com\/es\/wp-json\/wp\/v2\/types\/product"}],"replies":[{"embeddable":true,"href":"https:\/\/stmtires.com\/es\/wp-json\/wp\/v2\/comments?post=155457"}],"wp:featuredmedia":[{"embeddable":true,"href":"https:\/\/stmtires.com\/es\/wp-json\/wp\/v2\/media\/224833"}],"wp:attachment":[{"href":"https:\/\/stmtires.com\/es\/wp-json\/wp\/v2\/media?parent=155457"}],"wp:term":[{"taxonomy":"product_model","embeddable":true,"href":"https:\/\/stmtires.com\/es\/wp-json\/wp\/v2\/product_model?post=155457"},{"taxonomy":"product_brand","embeddable":true,"href":"https:\/\/stmtires.com\/es\/wp-json\/wp\/v2\/product_brand?post=155457"},{"taxonomy":"product_cat","embeddable":true,"href":"https:\/\/stmtires.com\/es\/wp-json\/wp\/v2\/product_cat?post=155457"},{"taxonomy":"product_tag","embeddable":true,"href":"https:\/\/stmtires.com\/es\/wp-json\/wp\/v2\/product_tag?post=155457"}],"curies":[{"name":"wp","href":"https:\/\/api.w.org\/{rel}","templated":true}]}}