{"id":155462,"date":"2022-05-01T23:20:24","date_gmt":"2022-05-02T04:20:24","guid":{"rendered":"https:\/\/website.dev.stmtires.com\/shop\/sin%20categor\u00eda\/295-75r22-5-h-tl-general-ra\/"},"modified":"2022-05-18T10:04:30","modified_gmt":"2022-05-18T15:04:30","slug":"295-75r22-5-h-tl-general-ra","status":"publish","type":"product","link":"https:\/\/stmtires.com\/es\/shop\/general-es\/295-75r22-5-h-tl-general-ra\/","title":{"rendered":"295\/75R22.5 H TL GENERAL RA"},"content":{"rendered":"<p>Cami\u00f3n\/Autob\u00fas Comercial. Neum\u00e1tico regional de cami\u00f3n de servicio mediano en todas las posiciones adecuado para aplicaciones exigentes.<\/p>\n","protected":false},"excerpt":{"rendered":"<p>Cami\u00f3n\/Autob\u00fas Comercial. Neum\u00e1tico regional de cami\u00f3n de servicio mediano en todas las posiciones adecuado para aplicaciones exigentes.<\/p>\n","protected":false},"featured_media":224833,"comment_status":"open","ping_status":"closed","template":"","meta":{"_acf_changed":false,"subheading":[]},"product_model":[22261],"product_brand":[15741],"product_cat":[19286,16272,19332,19316],"product_tag":[],"class_list":{"0":"post-155462","1":"product","2":"type-product","3":"status-publish","4":"has-post-thumbnail","6":"product_model-general-ra-es","7":"product_brand-general-es","8":"product_cat-camion-autobus-comercial","9":"product_cat-on-off-highway-service","10":"product_cat-servicio-regional","11":"product_cat-todas-las-posiciones","12":"pa_tire-size-295-75r22-5-es","14":"first","15":"instock","16":"shipping-taxable","17":"purchasable","18":"product-type-simple"},"acf":[],"_links":{"self":[{"href":"https:\/\/stmtires.com\/es\/wp-json\/wp\/v2\/product\/155462","targetHints":{"allow":["GET"]}}],"collection":[{"href":"https:\/\/stmtires.com\/es\/wp-json\/wp\/v2\/product"}],"about":[{"href":"https:\/\/stmtires.com\/es\/wp-json\/wp\/v2\/types\/product"}],"replies":[{"embeddable":true,"href":"https:\/\/stmtires.com\/es\/wp-json\/wp\/v2\/comments?post=155462"}],"wp:featuredmedia":[{"embeddable":true,"href":"https:\/\/stmtires.com\/es\/wp-json\/wp\/v2\/media\/224833"}],"wp:attachment":[{"href":"https:\/\/stmtires.com\/es\/wp-json\/wp\/v2\/media?parent=155462"}],"wp:term":[{"taxonomy":"product_model","embeddable":true,"href":"https:\/\/stmtires.com\/es\/wp-json\/wp\/v2\/product_model?post=155462"},{"taxonomy":"product_brand","embeddable":true,"href":"https:\/\/stmtires.com\/es\/wp-json\/wp\/v2\/product_brand?post=155462"},{"taxonomy":"product_cat","embeddable":true,"href":"https:\/\/stmtires.com\/es\/wp-json\/wp\/v2\/product_cat?post=155462"},{"taxonomy":"product_tag","embeddable":true,"href":"https:\/\/stmtires.com\/es\/wp-json\/wp\/v2\/product_tag?post=155462"}],"curies":[{"name":"wp","href":"https:\/\/api.w.org\/{rel}","templated":true}]}}