{"id":155509,"date":"2022-05-11T11:52:41","date_gmt":"2022-05-11T16:52:41","guid":{"rendered":"https:\/\/website.dev.stmtires.com\/shop\/sin categor\u00eda\/305-85r22-5-j-x-incity-z-sl\/"},"modified":"2022-05-11T11:52:41","modified_gmt":"2022-05-11T16:52:41","slug":"305-85r22-5-j-x-incity-z-sl-2","status":"publish","type":"product","link":"https:\/\/stmtires.com\/es\/shop\/michelin-es\/305-85r22-5-j-x-incity-z-sl-2\/","title":{"rendered":"305\/85R22.5 J X INCITY Z SL"},"content":{"rendered":"<p>Toda la posici\u00f3n, single life comercial mediano cami\u00f3n y neum\u00e1tico de autob\u00fas para aplicaciones urbanas.<\/p>\n","protected":false},"excerpt":{"rendered":"<p>Toda la posici\u00f3n, single life comercial mediano cami\u00f3n y neum\u00e1tico de autob\u00fas para aplicaciones urbanas.<\/p>\n","protected":false},"featured_media":225714,"comment_status":"open","ping_status":"closed","template":"","meta":{"_acf_changed":false,"subheading":[]},"product_model":[22359],"product_brand":[15734],"product_cat":[19286,19341,19295,19297,19289,19296,19316],"product_tag":[],"class_list":{"0":"post-155509","1":"product","2":"type-product","3":"status-publish","4":"has-post-thumbnail","6":"product_model-x-incity-z-sl-es-2","7":"product_brand-michelin-es","8":"product_cat-camion-autobus-comercial","9":"product_cat-ciudad-servicio-urbano","10":"product_cat-industrial-es","11":"product_cat-minicargadora","12":"product_cat-radial-es","13":"product_cat-solido","14":"product_cat-todas-las-posiciones","15":"pa_tire-size-305-85r22-5-es","17":"first","18":"instock","19":"shipping-taxable","20":"purchasable","21":"product-type-simple"},"acf":[],"_links":{"self":[{"href":"https:\/\/stmtires.com\/es\/wp-json\/wp\/v2\/product\/155509","targetHints":{"allow":["GET"]}}],"collection":[{"href":"https:\/\/stmtires.com\/es\/wp-json\/wp\/v2\/product"}],"about":[{"href":"https:\/\/stmtires.com\/es\/wp-json\/wp\/v2\/types\/product"}],"replies":[{"embeddable":true,"href":"https:\/\/stmtires.com\/es\/wp-json\/wp\/v2\/comments?post=155509"}],"wp:featuredmedia":[{"embeddable":true,"href":"https:\/\/stmtires.com\/es\/wp-json\/wp\/v2\/media\/225714"}],"wp:attachment":[{"href":"https:\/\/stmtires.com\/es\/wp-json\/wp\/v2\/media?parent=155509"}],"wp:term":[{"taxonomy":"product_model","embeddable":true,"href":"https:\/\/stmtires.com\/es\/wp-json\/wp\/v2\/product_model?post=155509"},{"taxonomy":"product_brand","embeddable":true,"href":"https:\/\/stmtires.com\/es\/wp-json\/wp\/v2\/product_brand?post=155509"},{"taxonomy":"product_cat","embeddable":true,"href":"https:\/\/stmtires.com\/es\/wp-json\/wp\/v2\/product_cat?post=155509"},{"taxonomy":"product_tag","embeddable":true,"href":"https:\/\/stmtires.com\/es\/wp-json\/wp\/v2\/product_tag?post=155509"}],"curies":[{"name":"wp","href":"https:\/\/api.w.org\/{rel}","templated":true}]}}