{"id":155570,"date":"2022-05-05T14:17:15","date_gmt":"2022-05-05T19:17:15","guid":{"rendered":"https:\/\/website.dev.stmtires.com\/shop\/sin categor\u00eda\/195-60r16-contiwintercontacto-ts-860-s\/"},"modified":"2022-05-05T14:17:15","modified_gmt":"2022-05-05T19:17:15","slug":"195-60r16-contiwintercontact-ts-860-s-2","status":"publish","type":"product","link":"https:\/\/stmtires.com\/es\/shop\/continental-es\/195-60r16-contiwintercontact-ts-860-s-2\/","title":{"rendered":"195\/60R16 CONTIWINTERCONTACTO TS 860 S"},"content":{"rendered":"<p>Neum\u00e1tico Winter Performance para coches deportivos premium. Tecnolog\u00eda Run Flat disponible en tama\u00f1os seleccionados.<\/p>\n","protected":false},"excerpt":{"rendered":"<p>Neum\u00e1tico Winter Performance para coches deportivos premium. Tecnolog\u00eda Run Flat disponible en tama\u00f1os seleccionados.<\/p>\n","protected":false},"featured_media":226010,"comment_status":"open","ping_status":"closed","template":"","meta":{"_acf_changed":false,"subheading":[]},"product_model":[22297],"product_brand":[15742],"product_cat":[19271,19265,19289,16295,19316],"product_tag":[],"class_list":{"0":"post-155570","1":"product","2":"type-product","3":"status-publish","4":"has-post-thumbnail","6":"product_model-contiwintercontact-ts-860-s-es","7":"product_brand-continental-es","8":"product_cat-corre-plano","9":"product_cat-invierno","10":"product_cat-radial-es","11":"product_cat-run-flat","12":"product_cat-todas-las-posiciones","13":"pa_tire-size-195-60r16-es","15":"first","16":"instock","17":"shipping-taxable","18":"purchasable","19":"product-type-simple"},"acf":[],"_links":{"self":[{"href":"https:\/\/stmtires.com\/es\/wp-json\/wp\/v2\/product\/155570","targetHints":{"allow":["GET"]}}],"collection":[{"href":"https:\/\/stmtires.com\/es\/wp-json\/wp\/v2\/product"}],"about":[{"href":"https:\/\/stmtires.com\/es\/wp-json\/wp\/v2\/types\/product"}],"replies":[{"embeddable":true,"href":"https:\/\/stmtires.com\/es\/wp-json\/wp\/v2\/comments?post=155570"}],"wp:featuredmedia":[{"embeddable":true,"href":"https:\/\/stmtires.com\/es\/wp-json\/wp\/v2\/media\/226010"}],"wp:attachment":[{"href":"https:\/\/stmtires.com\/es\/wp-json\/wp\/v2\/media?parent=155570"}],"wp:term":[{"taxonomy":"product_model","embeddable":true,"href":"https:\/\/stmtires.com\/es\/wp-json\/wp\/v2\/product_model?post=155570"},{"taxonomy":"product_brand","embeddable":true,"href":"https:\/\/stmtires.com\/es\/wp-json\/wp\/v2\/product_brand?post=155570"},{"taxonomy":"product_cat","embeddable":true,"href":"https:\/\/stmtires.com\/es\/wp-json\/wp\/v2\/product_cat?post=155570"},{"taxonomy":"product_tag","embeddable":true,"href":"https:\/\/stmtires.com\/es\/wp-json\/wp\/v2\/product_tag?post=155570"}],"curies":[{"name":"wp","href":"https:\/\/api.w.org\/{rel}","templated":true}]}}