{"id":155615,"date":"2022-05-05T14:14:38","date_gmt":"2022-05-05T19:14:38","guid":{"rendered":"https:\/\/website.dev.stmtires.com\/shop\/sin categor\u00eda\/235-45r18-contiwintercontact-ts-860-s-ao\/"},"modified":"2022-05-05T14:14:38","modified_gmt":"2022-05-05T19:14:38","slug":"235-45r18-contiwintercontact-ts-860-s-ao-2","status":"publish","type":"product","link":"https:\/\/stmtires.com\/es\/shop\/continental-es\/235-45r18-contiwintercontact-ts-860-s-ao-2\/","title":{"rendered":"235\/45R18 CONTIWINTERCONTACT TS 860 S AO"},"content":{"rendered":"<p>Neum\u00e1tico Winter Performance para coches deportivos premium. Tecnolog\u00eda Run Flat disponible en tama\u00f1os seleccionados.<\/p>\n","protected":false},"excerpt":{"rendered":"<p>Neum\u00e1tico Winter Performance para coches deportivos premium. Tecnolog\u00eda Run Flat disponible en tama\u00f1os seleccionados.<\/p>\n","protected":false},"featured_media":226010,"comment_status":"open","ping_status":"closed","template":"","meta":{"_acf_changed":false,"subheading":[]},"product_model":[22297],"product_brand":[15742],"product_cat":[19286,19271,19265,16272,19289,16265,19316],"product_tag":[],"class_list":{"0":"post-155615","1":"product","2":"type-product","3":"status-publish","4":"has-post-thumbnail","6":"product_model-contiwintercontact-ts-860-s-es","7":"product_brand-continental-es","8":"product_cat-camion-autobus-comercial","9":"product_cat-corre-plano","10":"product_cat-invierno","11":"product_cat-on-off-highway-service","12":"product_cat-radial-es","13":"product_cat-radial","14":"product_cat-todas-las-posiciones","15":"pa_tire-size-235-45r18-es","17":"first","18":"instock","19":"shipping-taxable","20":"purchasable","21":"product-type-simple"},"acf":[],"_links":{"self":[{"href":"https:\/\/stmtires.com\/es\/wp-json\/wp\/v2\/product\/155615","targetHints":{"allow":["GET"]}}],"collection":[{"href":"https:\/\/stmtires.com\/es\/wp-json\/wp\/v2\/product"}],"about":[{"href":"https:\/\/stmtires.com\/es\/wp-json\/wp\/v2\/types\/product"}],"replies":[{"embeddable":true,"href":"https:\/\/stmtires.com\/es\/wp-json\/wp\/v2\/comments?post=155615"}],"wp:featuredmedia":[{"embeddable":true,"href":"https:\/\/stmtires.com\/es\/wp-json\/wp\/v2\/media\/226010"}],"wp:attachment":[{"href":"https:\/\/stmtires.com\/es\/wp-json\/wp\/v2\/media?parent=155615"}],"wp:term":[{"taxonomy":"product_model","embeddable":true,"href":"https:\/\/stmtires.com\/es\/wp-json\/wp\/v2\/product_model?post=155615"},{"taxonomy":"product_brand","embeddable":true,"href":"https:\/\/stmtires.com\/es\/wp-json\/wp\/v2\/product_brand?post=155615"},{"taxonomy":"product_cat","embeddable":true,"href":"https:\/\/stmtires.com\/es\/wp-json\/wp\/v2\/product_cat?post=155615"},{"taxonomy":"product_tag","embeddable":true,"href":"https:\/\/stmtires.com\/es\/wp-json\/wp\/v2\/product_tag?post=155615"}],"curies":[{"name":"wp","href":"https:\/\/api.w.org\/{rel}","templated":true}]}}