{"id":155697,"date":"2022-05-12T18:17:18","date_gmt":"2022-05-12T23:17:18","guid":{"rendered":"https:\/\/website.dev.stmtires.com\/shop\/sin categor\u00eda\/10r22-5-g-tl-104zr\/"},"modified":"2022-05-12T18:17:18","modified_gmt":"2022-05-12T23:17:18","slug":"10r22-5-g-tl-104zr-2","status":"publish","type":"product","link":"https:\/\/stmtires.com\/es\/shop\/yokohama\/10r22-5-g-tl-104zr-2\/","title":{"rendered":"10R22.5 G TL 104ZR"},"content":{"rendered":"<p>Cami\u00f3n\/Autob\u00fas Comercial. Neum\u00e1tico de cami\u00f3n de servicio mediano de todas las posiciones adecuado para una amplia variedad de aplicaciones, incluidos el autob\u00fas y el autob\u00fas tur\u00edstico regional \/ de larga distancia.<\/p>\n","protected":false},"excerpt":{"rendered":"<p>Cami\u00f3n\/Autob\u00fas Comercial. Neum\u00e1tico de cami\u00f3n de servicio mediano de todas las posiciones adecuado para una amplia variedad de aplicaciones, incluidos el autob\u00fas y el autob\u00fas tur\u00edstico regional \/ de larga distancia.<\/p>\n","protected":false},"featured_media":221910,"comment_status":"open","ping_status":"closed","template":"","meta":{"_acf_changed":false,"subheading":[]},"product_model":[22965],"product_brand":[54],"product_cat":[19286,19332,19316,19253],"product_tag":[],"class_list":{"0":"post-155697","1":"product","2":"type-product","3":"status-publish","4":"has-post-thumbnail","6":"product_model-104zr-es","7":"product_brand-yokohama","8":"product_cat-camion-autobus-comercial","9":"product_cat-servicio-regional","10":"product_cat-todas-las-posiciones","11":"product_cat-uncategorized","12":"pa_tire-size-10r22-5-es","14":"first","15":"instock","16":"shipping-taxable","17":"purchasable","18":"product-type-simple"},"acf":[],"_links":{"self":[{"href":"https:\/\/stmtires.com\/es\/wp-json\/wp\/v2\/product\/155697","targetHints":{"allow":["GET"]}}],"collection":[{"href":"https:\/\/stmtires.com\/es\/wp-json\/wp\/v2\/product"}],"about":[{"href":"https:\/\/stmtires.com\/es\/wp-json\/wp\/v2\/types\/product"}],"replies":[{"embeddable":true,"href":"https:\/\/stmtires.com\/es\/wp-json\/wp\/v2\/comments?post=155697"}],"wp:featuredmedia":[{"embeddable":true,"href":"https:\/\/stmtires.com\/es\/wp-json\/wp\/v2\/media\/221910"}],"wp:attachment":[{"href":"https:\/\/stmtires.com\/es\/wp-json\/wp\/v2\/media?parent=155697"}],"wp:term":[{"taxonomy":"product_model","embeddable":true,"href":"https:\/\/stmtires.com\/es\/wp-json\/wp\/v2\/product_model?post=155697"},{"taxonomy":"product_brand","embeddable":true,"href":"https:\/\/stmtires.com\/es\/wp-json\/wp\/v2\/product_brand?post=155697"},{"taxonomy":"product_cat","embeddable":true,"href":"https:\/\/stmtires.com\/es\/wp-json\/wp\/v2\/product_cat?post=155697"},{"taxonomy":"product_tag","embeddable":true,"href":"https:\/\/stmtires.com\/es\/wp-json\/wp\/v2\/product_tag?post=155697"}],"curies":[{"name":"wp","href":"https:\/\/api.w.org\/{rel}","templated":true}]}}