{"id":155779,"date":"2022-05-11T11:41:52","date_gmt":"2022-05-11T16:41:52","guid":{"rendered":"https:\/\/website.dev.stmtires.com\/shop\/sin categor\u00eda\/p205-55zr16-g-force-r1\/"},"modified":"2022-05-11T11:41:52","modified_gmt":"2022-05-11T16:41:52","slug":"p205-55zr16-g-fuerza-r1-2","status":"publish","type":"product","link":"https:\/\/stmtires.com\/es\/shop\/bfgoodrich-es\/p205-55zr16-g-fuerza-r1-2\/","title":{"rendered":"P205\/55ZR16 G-FORCE R1"},"content":{"rendered":"<p>Neum\u00e1tico De Verano Sport y Ultra Alto Rendimiento \/ Neum\u00e1tico de Competici\u00f3n. Neum\u00e1ticos de pista aprobados por DOT dise\u00f1ados para d\u00edas de pista y carreras de carretera. Dise\u00f1ado para un calentamiento m\u00e1s r\u00e1pido, un autocrossing y carreras de velocidad.<\/p>\n","protected":false},"excerpt":{"rendered":"<p>Neum\u00e1tico De Verano Sport y Ultra Alto Rendimiento \/ Neum\u00e1tico de Competici\u00f3n. Neum\u00e1ticos de pista aprobados por DOT dise\u00f1ados para d\u00edas de pista y carreras de carretera. Dise\u00f1ado para un calentamiento m\u00e1s r\u00e1pido, un autocrossing y carreras de velocidad.<\/p>\n","protected":false},"featured_media":105229,"comment_status":"open","ping_status":"closed","template":"","meta":{"_acf_changed":false,"subheading":[]},"product_model":[22317],"product_brand":[15735],"product_cat":[19261,19344],"product_tag":[],"class_list":{"0":"post-155779","1":"product","2":"type-product","3":"status-publish","4":"has-post-thumbnail","6":"product_model-g-force-r1-r1s-es","7":"product_brand-bfgoodrich-es","8":"product_cat-camion-ligero-comercial-furgoneta","9":"product_cat-competicion-pista","10":"pa_tire-size-205-55r16-es","12":"first","13":"instock","14":"shipping-taxable","15":"purchasable","16":"product-type-simple"},"acf":[],"_links":{"self":[{"href":"https:\/\/stmtires.com\/es\/wp-json\/wp\/v2\/product\/155779","targetHints":{"allow":["GET"]}}],"collection":[{"href":"https:\/\/stmtires.com\/es\/wp-json\/wp\/v2\/product"}],"about":[{"href":"https:\/\/stmtires.com\/es\/wp-json\/wp\/v2\/types\/product"}],"replies":[{"embeddable":true,"href":"https:\/\/stmtires.com\/es\/wp-json\/wp\/v2\/comments?post=155779"}],"wp:featuredmedia":[{"embeddable":true,"href":"https:\/\/stmtires.com\/es\/wp-json\/wp\/v2\/media\/105229"}],"wp:attachment":[{"href":"https:\/\/stmtires.com\/es\/wp-json\/wp\/v2\/media?parent=155779"}],"wp:term":[{"taxonomy":"product_model","embeddable":true,"href":"https:\/\/stmtires.com\/es\/wp-json\/wp\/v2\/product_model?post=155779"},{"taxonomy":"product_brand","embeddable":true,"href":"https:\/\/stmtires.com\/es\/wp-json\/wp\/v2\/product_brand?post=155779"},{"taxonomy":"product_cat","embeddable":true,"href":"https:\/\/stmtires.com\/es\/wp-json\/wp\/v2\/product_cat?post=155779"},{"taxonomy":"product_tag","embeddable":true,"href":"https:\/\/stmtires.com\/es\/wp-json\/wp\/v2\/product_tag?post=155779"}],"curies":[{"name":"wp","href":"https:\/\/api.w.org\/{rel}","templated":true}]}}