{"id":156073,"date":"2022-05-05T14:18:03","date_gmt":"2022-05-05T19:18:03","guid":{"rendered":"https:\/\/website.dev.stmtires.com\/shop\/sin categor\u00eda\/225-45r18-xl-procontact-gx-ssr-runflat-moe\/"},"modified":"2022-05-05T14:18:03","modified_gmt":"2022-05-05T19:18:03","slug":"225-45r18-xl-procontact-gx-ssr-runflat-moe-2","status":"publish","type":"product","link":"https:\/\/stmtires.com\/es\/shop\/continental-es\/225-45r18-xl-procontact-gx-ssr-runflat-moe-2\/","title":{"rendered":"225\/45R18 XL PROCONTACT GX SSR RUNFLAT (MOE)"},"content":{"rendered":"<p>Neum\u00e1tico de turismo de turismo de lujo para todas las estaciones. Equipo original en veh\u00edculos seleccionados. Tecnolog\u00eda Run Flat disponible en tama\u00f1os seleccionados.<\/p>\n","protected":false},"excerpt":{"rendered":"<p>Neum\u00e1tico de turismo de turismo de lujo para todas las estaciones. Equipo original en veh\u00edculos seleccionados. Tecnolog\u00eda Run Flat disponible en tama\u00f1os seleccionados.<\/p>\n","protected":false},"featured_media":104102,"comment_status":"open","ping_status":"closed","template":"","meta":{"_acf_changed":false,"subheading":[]},"product_model":[22269],"product_brand":[15742],"product_cat":[16438,19242,19323,16437,19273],"product_tag":[],"class_list":{"0":"post-156073","1":"product","2":"type-product","3":"status-publish","4":"has-post-thumbnail","6":"product_model-procontact-gx-es","7":"product_brand-continental-es","8":"product_cat-coche-de-pasajeros-minivan","9":"product_cat-equipo-original-oe","10":"product_cat-smartway-en-ingles","11":"product_cat-toda-la-temporada-a-s","12":"product_cat-touring-estandar","13":"pa_tire-size-225-45r18-es","15":"first","16":"instock","17":"shipping-taxable","18":"purchasable","19":"product-type-simple"},"acf":[],"_links":{"self":[{"href":"https:\/\/stmtires.com\/es\/wp-json\/wp\/v2\/product\/156073","targetHints":{"allow":["GET"]}}],"collection":[{"href":"https:\/\/stmtires.com\/es\/wp-json\/wp\/v2\/product"}],"about":[{"href":"https:\/\/stmtires.com\/es\/wp-json\/wp\/v2\/types\/product"}],"replies":[{"embeddable":true,"href":"https:\/\/stmtires.com\/es\/wp-json\/wp\/v2\/comments?post=156073"}],"wp:featuredmedia":[{"embeddable":true,"href":"https:\/\/stmtires.com\/es\/wp-json\/wp\/v2\/media\/104102"}],"wp:attachment":[{"href":"https:\/\/stmtires.com\/es\/wp-json\/wp\/v2\/media?parent=156073"}],"wp:term":[{"taxonomy":"product_model","embeddable":true,"href":"https:\/\/stmtires.com\/es\/wp-json\/wp\/v2\/product_model?post=156073"},{"taxonomy":"product_brand","embeddable":true,"href":"https:\/\/stmtires.com\/es\/wp-json\/wp\/v2\/product_brand?post=156073"},{"taxonomy":"product_cat","embeddable":true,"href":"https:\/\/stmtires.com\/es\/wp-json\/wp\/v2\/product_cat?post=156073"},{"taxonomy":"product_tag","embeddable":true,"href":"https:\/\/stmtires.com\/es\/wp-json\/wp\/v2\/product_tag?post=156073"}],"curies":[{"name":"wp","href":"https:\/\/api.w.org\/{rel}","templated":true}]}}