{"id":156380,"date":"2022-05-01T16:17:46","date_gmt":"2022-05-01T21:17:46","guid":{"rendered":"https:\/\/website.dev.stmtires.com\/shop\/sin categor\u00eda\/245-45r19-xl-contiwintercontacto-ts-810-s-run-flat\/"},"modified":"2022-05-01T16:17:46","modified_gmt":"2022-05-01T21:17:46","slug":"245-45r19-xl-contiwintercontact-ts-810-s-run-flat-2","status":"publish","type":"product","link":"https:\/\/stmtires.com\/es\/shop\/continental-es\/245-45r19-xl-contiwintercontact-ts-810-s-run-flat-2\/","title":{"rendered":"245\/45R19 XL CONTIWINTERCONTACTO TS 810 S RUN FLAT"},"content":{"rendered":"<p>Neum\u00e1tico de coche de pasajeros de invierno de alto rendimiento. Tecnolog\u00eda RunFlat (SSR) autoportante disponible en tama\u00f1os seleccionados.<\/p>\n","protected":false},"excerpt":{"rendered":"<p>Neum\u00e1tico de coche de pasajeros de invierno de alto rendimiento. Tecnolog\u00eda RunFlat (SSR) autoportante disponible en tama\u00f1os seleccionados.<\/p>\n","protected":false},"featured_media":225370,"comment_status":"open","ping_status":"closed","template":"","meta":{"_acf_changed":false,"subheading":[]},"product_model":[22232],"product_brand":[15742],"product_cat":[19264,19265],"product_tag":[],"class_list":{"0":"post-156380","1":"product","2":"type-product","3":"status-publish","4":"has-post-thumbnail","6":"product_model-contiwintercontact-ts810-s-es","7":"product_brand-continental-es","8":"product_cat-alto-rendimiento-hp","9":"product_cat-invierno","10":"pa_tire-size-245-45r19-es","12":"first","13":"instock","14":"shipping-taxable","15":"purchasable","16":"product-type-simple"},"acf":[],"_links":{"self":[{"href":"https:\/\/stmtires.com\/es\/wp-json\/wp\/v2\/product\/156380","targetHints":{"allow":["GET"]}}],"collection":[{"href":"https:\/\/stmtires.com\/es\/wp-json\/wp\/v2\/product"}],"about":[{"href":"https:\/\/stmtires.com\/es\/wp-json\/wp\/v2\/types\/product"}],"replies":[{"embeddable":true,"href":"https:\/\/stmtires.com\/es\/wp-json\/wp\/v2\/comments?post=156380"}],"wp:featuredmedia":[{"embeddable":true,"href":"https:\/\/stmtires.com\/es\/wp-json\/wp\/v2\/media\/225370"}],"wp:attachment":[{"href":"https:\/\/stmtires.com\/es\/wp-json\/wp\/v2\/media?parent=156380"}],"wp:term":[{"taxonomy":"product_model","embeddable":true,"href":"https:\/\/stmtires.com\/es\/wp-json\/wp\/v2\/product_model?post=156380"},{"taxonomy":"product_brand","embeddable":true,"href":"https:\/\/stmtires.com\/es\/wp-json\/wp\/v2\/product_brand?post=156380"},{"taxonomy":"product_cat","embeddable":true,"href":"https:\/\/stmtires.com\/es\/wp-json\/wp\/v2\/product_cat?post=156380"},{"taxonomy":"product_tag","embeddable":true,"href":"https:\/\/stmtires.com\/es\/wp-json\/wp\/v2\/product_tag?post=156380"}],"curies":[{"name":"wp","href":"https:\/\/api.w.org\/{rel}","templated":true}]}}