{"id":156398,"date":"2022-05-01T16:03:20","date_gmt":"2022-05-01T21:03:20","guid":{"rendered":"https:\/\/website.dev.stmtires.com\/shop\/sin categor\u00eda\/225-50r17-deporte-de-precision\/"},"modified":"2022-06-08T07:36:10","modified_gmt":"2022-06-08T12:36:10","slug":"225-50r17-precision-deporte","status":"publish","type":"product","link":"https:\/\/stmtires.com\/es\/shop\/firestone-es\/225-50r17-precision-deporte\/","title":{"rendered":"225\/50R17 DEPORTE DE PRECISI\u00d3N"},"content":{"rendered":"<p>Neum\u00e1tico de autom\u00f3vil de pasajeros de alto rendimiento para toda la temporada para conductores de autom\u00f3viles deportivos, coup\u00e9s y sedanes.<\/p>\n","protected":false},"excerpt":{"rendered":"<p>Neum\u00e1tico de autom\u00f3vil de pasajeros de alto rendimiento para toda la temporada para conductores de autom\u00f3viles deportivos, coup\u00e9s y sedanes.<\/p>\n","protected":false},"featured_media":224191,"comment_status":"open","ping_status":"closed","template":"","meta":{"_acf_changed":false,"subheading":[]},"product_model":[22243],"product_brand":[15736],"product_cat":[19264,19288,19277],"product_tag":[],"class_list":{"0":"post-156398","1":"product","2":"type-product","3":"status-publish","4":"has-post-thumbnail","6":"product_model-precision-sport-es","7":"product_brand-firestone-es","8":"product_cat-alto-rendimiento-hp","9":"product_cat-conducir","10":"product_cat-sin-tachuelas","11":"pa_tire-size-225-50r17-es","13":"first","14":"instock","15":"shipping-taxable","16":"purchasable","17":"product-type-simple"},"acf":[],"_links":{"self":[{"href":"https:\/\/stmtires.com\/es\/wp-json\/wp\/v2\/product\/156398","targetHints":{"allow":["GET"]}}],"collection":[{"href":"https:\/\/stmtires.com\/es\/wp-json\/wp\/v2\/product"}],"about":[{"href":"https:\/\/stmtires.com\/es\/wp-json\/wp\/v2\/types\/product"}],"replies":[{"embeddable":true,"href":"https:\/\/stmtires.com\/es\/wp-json\/wp\/v2\/comments?post=156398"}],"wp:featuredmedia":[{"embeddable":true,"href":"https:\/\/stmtires.com\/es\/wp-json\/wp\/v2\/media\/224191"}],"wp:attachment":[{"href":"https:\/\/stmtires.com\/es\/wp-json\/wp\/v2\/media?parent=156398"}],"wp:term":[{"taxonomy":"product_model","embeddable":true,"href":"https:\/\/stmtires.com\/es\/wp-json\/wp\/v2\/product_model?post=156398"},{"taxonomy":"product_brand","embeddable":true,"href":"https:\/\/stmtires.com\/es\/wp-json\/wp\/v2\/product_brand?post=156398"},{"taxonomy":"product_cat","embeddable":true,"href":"https:\/\/stmtires.com\/es\/wp-json\/wp\/v2\/product_cat?post=156398"},{"taxonomy":"product_tag","embeddable":true,"href":"https:\/\/stmtires.com\/es\/wp-json\/wp\/v2\/product_tag?post=156398"}],"curies":[{"name":"wp","href":"https:\/\/api.w.org\/{rel}","templated":true}]}}