{"id":156442,"date":"2022-05-01T15:05:43","date_gmt":"2022-05-01T20:05:43","guid":{"rendered":"https:\/\/website.dev.stmtires.com\/shop\/sin categor\u00eda\/245-40r18-xl-contiwintercontacto-ts810-s\/"},"modified":"2022-05-01T15:05:43","modified_gmt":"2022-05-01T20:05:43","slug":"245-40r18-xl-contiwintercontact-ts810-s-2","status":"publish","type":"product","link":"https:\/\/stmtires.com\/es\/shop\/continental-es\/245-40r18-xl-contiwintercontact-ts810-s-2\/","title":{"rendered":"245\/40R18 XL CONTIWINTERCONTACTO TS810 S"},"content":{"rendered":"<p>Neum\u00e1tico de coche de pasajeros de invierno de alto rendimiento. Tecnolog\u00eda RunFlat (SSR) autoportante disponible en tama\u00f1os seleccionados.<\/p>\n","protected":false},"excerpt":{"rendered":"<p>Neum\u00e1tico de coche de pasajeros de invierno de alto rendimiento. Tecnolog\u00eda RunFlat (SSR) autoportante disponible en tama\u00f1os seleccionados.<\/p>\n","protected":false},"featured_media":225370,"comment_status":"open","ping_status":"closed","template":"","meta":{"_acf_changed":false,"subheading":[]},"product_model":[22232],"product_brand":[15742],"product_cat":[19264,19265],"product_tag":[],"class_list":{"0":"post-156442","1":"product","2":"type-product","3":"status-publish","4":"has-post-thumbnail","6":"product_model-contiwintercontact-ts810-s-es","7":"product_brand-continental-es","8":"product_cat-alto-rendimiento-hp","9":"product_cat-invierno","10":"pa_tire-size-245-40r18-es","12":"first","13":"instock","14":"shipping-taxable","15":"purchasable","16":"product-type-simple"},"acf":[],"_links":{"self":[{"href":"https:\/\/stmtires.com\/es\/wp-json\/wp\/v2\/product\/156442","targetHints":{"allow":["GET"]}}],"collection":[{"href":"https:\/\/stmtires.com\/es\/wp-json\/wp\/v2\/product"}],"about":[{"href":"https:\/\/stmtires.com\/es\/wp-json\/wp\/v2\/types\/product"}],"replies":[{"embeddable":true,"href":"https:\/\/stmtires.com\/es\/wp-json\/wp\/v2\/comments?post=156442"}],"wp:featuredmedia":[{"embeddable":true,"href":"https:\/\/stmtires.com\/es\/wp-json\/wp\/v2\/media\/225370"}],"wp:attachment":[{"href":"https:\/\/stmtires.com\/es\/wp-json\/wp\/v2\/media?parent=156442"}],"wp:term":[{"taxonomy":"product_model","embeddable":true,"href":"https:\/\/stmtires.com\/es\/wp-json\/wp\/v2\/product_model?post=156442"},{"taxonomy":"product_brand","embeddable":true,"href":"https:\/\/stmtires.com\/es\/wp-json\/wp\/v2\/product_brand?post=156442"},{"taxonomy":"product_cat","embeddable":true,"href":"https:\/\/stmtires.com\/es\/wp-json\/wp\/v2\/product_cat?post=156442"},{"taxonomy":"product_tag","embeddable":true,"href":"https:\/\/stmtires.com\/es\/wp-json\/wp\/v2\/product_tag?post=156442"}],"curies":[{"name":"wp","href":"https:\/\/api.w.org\/{rel}","templated":true}]}}