{"id":156454,"date":"2022-04-22T10:03:40","date_gmt":"2022-04-22T15:03:40","guid":{"rendered":"https:\/\/website.dev.stmtires.com\/shop\/sin categor\u00eda\/205-50r16-deporte-de-precision\/"},"modified":"2023-01-06T13:03:26","modified_gmt":"2023-01-06T19:03:26","slug":"205-50r16-precision-deporte","status":"publish","type":"product","link":"https:\/\/stmtires.com\/es\/shop\/firestone-es\/205-50r16-precision-deporte\/","title":{"rendered":"205\/50R16 DEPORTE DE PRECISI\u00d3N"},"content":{"rendered":"<p>Neum\u00e1tico de autom\u00f3vil de pasajeros de alto rendimiento para toda la temporada para conductores de autom\u00f3viles deportivos, coup\u00e9s y sedanes.<\/p>\n","protected":false},"excerpt":{"rendered":"<p>Neum\u00e1tico de autom\u00f3vil de pasajeros de alto rendimiento para toda la temporada para conductores de autom\u00f3viles deportivos, coup\u00e9s y sedanes.<\/p>\n","protected":false},"featured_media":224191,"comment_status":"open","ping_status":"closed","template":"","meta":{"_acf_changed":false,"subheading":[]},"product_model":[22243],"product_brand":[15736],"product_cat":[19264,19288,19277,16323],"product_tag":[],"class_list":{"0":"post-156454","1":"product","2":"type-product","3":"status-publish","4":"has-post-thumbnail","6":"product_model-precision-sport-es","7":"product_brand-firestone-es","8":"product_cat-alto-rendimiento-hp","9":"product_cat-conducir","10":"product_cat-sin-tachuelas","11":"product_cat-studless","12":"pa_tire-size-205-50r16-es","14":"first","15":"instock","16":"shipping-taxable","17":"purchasable","18":"product-type-simple"},"acf":[],"_links":{"self":[{"href":"https:\/\/stmtires.com\/es\/wp-json\/wp\/v2\/product\/156454","targetHints":{"allow":["GET"]}}],"collection":[{"href":"https:\/\/stmtires.com\/es\/wp-json\/wp\/v2\/product"}],"about":[{"href":"https:\/\/stmtires.com\/es\/wp-json\/wp\/v2\/types\/product"}],"replies":[{"embeddable":true,"href":"https:\/\/stmtires.com\/es\/wp-json\/wp\/v2\/comments?post=156454"}],"wp:featuredmedia":[{"embeddable":true,"href":"https:\/\/stmtires.com\/es\/wp-json\/wp\/v2\/media\/224191"}],"wp:attachment":[{"href":"https:\/\/stmtires.com\/es\/wp-json\/wp\/v2\/media?parent=156454"}],"wp:term":[{"taxonomy":"product_model","embeddable":true,"href":"https:\/\/stmtires.com\/es\/wp-json\/wp\/v2\/product_model?post=156454"},{"taxonomy":"product_brand","embeddable":true,"href":"https:\/\/stmtires.com\/es\/wp-json\/wp\/v2\/product_brand?post=156454"},{"taxonomy":"product_cat","embeddable":true,"href":"https:\/\/stmtires.com\/es\/wp-json\/wp\/v2\/product_cat?post=156454"},{"taxonomy":"product_tag","embeddable":true,"href":"https:\/\/stmtires.com\/es\/wp-json\/wp\/v2\/product_tag?post=156454"}],"curies":[{"name":"wp","href":"https:\/\/api.w.org\/{rel}","templated":true}]}}