{"id":156826,"date":"2022-05-02T04:30:35","date_gmt":"2022-05-02T09:30:35","guid":{"rendered":"https:\/\/website.dev.stmtires.com\/shop\/sin categor\u00eda\/225-60r17-crosscontact-lx-sport-oe\/"},"modified":"2022-05-02T04:30:35","modified_gmt":"2022-05-02T09:30:35","slug":"225-60r17-crosscontact-lx-sport-oe-2","status":"publish","type":"product","link":"https:\/\/stmtires.com\/es\/shop\/continental-es\/225-60r17-crosscontact-lx-sport-oe-2\/","title":{"rendered":"225\/60R17 CROSSCONTACT LX SPORT OE"},"content":{"rendered":"<p>Neum\u00e1tico SUV \/ Crossover Touring para pasajeros de todas las estaciones. Equipo original en veh\u00edculos seleccionados. Tecnolog\u00eda Run Flat disponible en tama\u00f1os seleccionados.<\/p>\n","protected":false},"excerpt":{"rendered":"<p>Neum\u00e1tico SUV \/ Crossover Touring para pasajeros de todas las estaciones. Equipo original en veh\u00edculos seleccionados. Tecnolog\u00eda Run Flat disponible en tama\u00f1os seleccionados.<\/p>\n","protected":false},"featured_media":225876,"comment_status":"open","ping_status":"closed","template":"","meta":{"_acf_changed":false,"subheading":[]},"product_model":[22252],"product_brand":[15742],"product_cat":[19271,19242],"product_tag":[],"class_list":{"0":"post-156826","1":"product","2":"type-product","3":"status-publish","4":"has-post-thumbnail","6":"product_model-crosscontact-lx-sport-es","7":"product_brand-continental-es","8":"product_cat-corre-plano","9":"product_cat-equipo-original-oe","10":"pa_tire-size-225-60r17-es","12":"first","13":"instock","14":"shipping-taxable","15":"purchasable","16":"product-type-simple"},"acf":[],"_links":{"self":[{"href":"https:\/\/stmtires.com\/es\/wp-json\/wp\/v2\/product\/156826","targetHints":{"allow":["GET"]}}],"collection":[{"href":"https:\/\/stmtires.com\/es\/wp-json\/wp\/v2\/product"}],"about":[{"href":"https:\/\/stmtires.com\/es\/wp-json\/wp\/v2\/types\/product"}],"replies":[{"embeddable":true,"href":"https:\/\/stmtires.com\/es\/wp-json\/wp\/v2\/comments?post=156826"}],"wp:featuredmedia":[{"embeddable":true,"href":"https:\/\/stmtires.com\/es\/wp-json\/wp\/v2\/media\/225876"}],"wp:attachment":[{"href":"https:\/\/stmtires.com\/es\/wp-json\/wp\/v2\/media?parent=156826"}],"wp:term":[{"taxonomy":"product_model","embeddable":true,"href":"https:\/\/stmtires.com\/es\/wp-json\/wp\/v2\/product_model?post=156826"},{"taxonomy":"product_brand","embeddable":true,"href":"https:\/\/stmtires.com\/es\/wp-json\/wp\/v2\/product_brand?post=156826"},{"taxonomy":"product_cat","embeddable":true,"href":"https:\/\/stmtires.com\/es\/wp-json\/wp\/v2\/product_cat?post=156826"},{"taxonomy":"product_tag","embeddable":true,"href":"https:\/\/stmtires.com\/es\/wp-json\/wp\/v2\/product_tag?post=156826"}],"curies":[{"name":"wp","href":"https:\/\/api.w.org\/{rel}","templated":true}]}}