{"id":156875,"date":"2022-05-02T03:40:30","date_gmt":"2022-05-02T08:40:30","guid":{"rendered":"https:\/\/website.dev.stmtires.com\/shop\/sin categor\u00eda\/205-45r17-xl-fr-procontact-tx-oe\/"},"modified":"2022-05-02T03:40:30","modified_gmt":"2022-05-02T08:40:30","slug":"205-45r17-xl-fr-procontact-tx-oe-2","status":"publish","type":"product","link":"https:\/\/stmtires.com\/es\/shop\/continental-es\/205-45r17-xl-fr-procontact-tx-oe-2\/","title":{"rendered":"205\/45R17 XL FR PROCONTACT TX OE"},"content":{"rendered":"<p>Neum\u00e1tico de turismo para turismos para todas las estaciones. Equipo original en veh\u00edculos seleccionados. Tecnolog\u00eda Run Flat disponible en tama\u00f1os seleccionados.<\/p>\n","protected":false},"excerpt":{"rendered":"<p>Neum\u00e1tico de turismo para turismos para todas las estaciones. Equipo original en veh\u00edculos seleccionados. Tecnolog\u00eda Run Flat disponible en tama\u00f1os seleccionados.<\/p>\n","protected":false},"featured_media":226753,"comment_status":"open","ping_status":"closed","template":"","meta":{"_acf_changed":false,"subheading":[]},"product_model":[22270],"product_brand":[15742],"product_cat":[19271,19242,16295],"product_tag":[],"class_list":{"0":"post-156875","1":"product","2":"type-product","3":"status-publish","4":"has-post-thumbnail","6":"product_model-procontact-tx-es","7":"product_brand-continental-es","8":"product_cat-corre-plano","9":"product_cat-equipo-original-oe","10":"product_cat-run-flat","11":"pa_tire-size-205-45r17-es","13":"first","14":"instock","15":"shipping-taxable","16":"purchasable","17":"product-type-simple"},"acf":[],"_links":{"self":[{"href":"https:\/\/stmtires.com\/es\/wp-json\/wp\/v2\/product\/156875","targetHints":{"allow":["GET"]}}],"collection":[{"href":"https:\/\/stmtires.com\/es\/wp-json\/wp\/v2\/product"}],"about":[{"href":"https:\/\/stmtires.com\/es\/wp-json\/wp\/v2\/types\/product"}],"replies":[{"embeddable":true,"href":"https:\/\/stmtires.com\/es\/wp-json\/wp\/v2\/comments?post=156875"}],"wp:featuredmedia":[{"embeddable":true,"href":"https:\/\/stmtires.com\/es\/wp-json\/wp\/v2\/media\/226753"}],"wp:attachment":[{"href":"https:\/\/stmtires.com\/es\/wp-json\/wp\/v2\/media?parent=156875"}],"wp:term":[{"taxonomy":"product_model","embeddable":true,"href":"https:\/\/stmtires.com\/es\/wp-json\/wp\/v2\/product_model?post=156875"},{"taxonomy":"product_brand","embeddable":true,"href":"https:\/\/stmtires.com\/es\/wp-json\/wp\/v2\/product_brand?post=156875"},{"taxonomy":"product_cat","embeddable":true,"href":"https:\/\/stmtires.com\/es\/wp-json\/wp\/v2\/product_cat?post=156875"},{"taxonomy":"product_tag","embeddable":true,"href":"https:\/\/stmtires.com\/es\/wp-json\/wp\/v2\/product_tag?post=156875"}],"curies":[{"name":"wp","href":"https:\/\/api.w.org\/{rel}","templated":true}]}}