{"id":156984,"date":"2022-05-02T00:53:42","date_gmt":"2022-05-02T05:53:42","guid":{"rendered":"https:\/\/website.dev.stmtires.com\/shop\/sin categor\u00eda\/245-45r19-fr-contiprocontacto-oe\/"},"modified":"2022-05-02T00:53:42","modified_gmt":"2022-05-02T05:53:42","slug":"245-45r19-fr-contiprocontact-oe-2","status":"publish","type":"product","link":"https:\/\/stmtires.com\/es\/shop\/continental-es\/245-45r19-fr-contiprocontact-oe-2\/","title":{"rendered":"245\/45R19 FR CONTIPROCONTACTO OE"},"content":{"rendered":"<p>Neum\u00e1tico de turismo para turismos para todas las estaciones. Tecnolog\u00eda Run Flat disponible en tama\u00f1os seleccionados.<\/p>\n","protected":false},"excerpt":{"rendered":"<p>Neum\u00e1tico de turismo para turismos para todas las estaciones. Tecnolog\u00eda Run Flat disponible en tama\u00f1os seleccionados.<\/p>\n","protected":false},"featured_media":225178,"comment_status":"open","ping_status":"closed","template":"","meta":{"_acf_changed":false,"subheading":[]},"product_model":[22226],"product_brand":[15742],"product_cat":[19271],"product_tag":[],"class_list":{"0":"post-156984","1":"product","2":"type-product","3":"status-publish","4":"has-post-thumbnail","6":"product_model-contiprocontact-es","7":"product_brand-continental-es","8":"product_cat-corre-plano","9":"pa_tire-size-245-45r19-es","11":"first","12":"instock","13":"shipping-taxable","14":"purchasable","15":"product-type-simple"},"acf":[],"_links":{"self":[{"href":"https:\/\/stmtires.com\/es\/wp-json\/wp\/v2\/product\/156984","targetHints":{"allow":["GET"]}}],"collection":[{"href":"https:\/\/stmtires.com\/es\/wp-json\/wp\/v2\/product"}],"about":[{"href":"https:\/\/stmtires.com\/es\/wp-json\/wp\/v2\/types\/product"}],"replies":[{"embeddable":true,"href":"https:\/\/stmtires.com\/es\/wp-json\/wp\/v2\/comments?post=156984"}],"wp:featuredmedia":[{"embeddable":true,"href":"https:\/\/stmtires.com\/es\/wp-json\/wp\/v2\/media\/225178"}],"wp:attachment":[{"href":"https:\/\/stmtires.com\/es\/wp-json\/wp\/v2\/media?parent=156984"}],"wp:term":[{"taxonomy":"product_model","embeddable":true,"href":"https:\/\/stmtires.com\/es\/wp-json\/wp\/v2\/product_model?post=156984"},{"taxonomy":"product_brand","embeddable":true,"href":"https:\/\/stmtires.com\/es\/wp-json\/wp\/v2\/product_brand?post=156984"},{"taxonomy":"product_cat","embeddable":true,"href":"https:\/\/stmtires.com\/es\/wp-json\/wp\/v2\/product_cat?post=156984"},{"taxonomy":"product_tag","embeddable":true,"href":"https:\/\/stmtires.com\/es\/wp-json\/wp\/v2\/product_tag?post=156984"}],"curies":[{"name":"wp","href":"https:\/\/api.w.org\/{rel}","templated":true}]}}