{"id":157073,"date":"2022-05-01T21:25:53","date_gmt":"2022-05-02T02:25:53","guid":{"rendered":"https:\/\/website.dev.stmtires.com\/shop\/sin categor\u00eda\/195-65r15-procontact-gx-oe\/"},"modified":"2022-05-01T21:25:53","modified_gmt":"2022-05-02T02:25:53","slug":"195-65r15-procontacto-gx-oe","status":"publish","type":"product","link":"https:\/\/stmtires.com\/es\/shop\/continental-es\/195-65r15-procontacto-gx-oe\/","title":{"rendered":"195\/65R15 PROCONTACT GX (OE)"},"content":{"rendered":"<p>Neum\u00e1tico de turismo de turismo de lujo para todas las estaciones. Equipo original en veh\u00edculos seleccionados. Tecnolog\u00eda Run Flat disponible en tama\u00f1os seleccionados.<\/p>\n","protected":false},"excerpt":{"rendered":"<p>Neum\u00e1tico de turismo de turismo de lujo para todas las estaciones. Equipo original en veh\u00edculos seleccionados. Tecnolog\u00eda Run Flat disponible en tama\u00f1os seleccionados.<\/p>\n","protected":false},"featured_media":226739,"comment_status":"open","ping_status":"closed","template":"","meta":{"_acf_changed":false,"subheading":[]},"product_model":[22269],"product_brand":[15742],"product_cat":[19271,19242,16294,19323],"product_tag":[],"class_list":{"0":"post-157073","1":"product","2":"type-product","3":"status-publish","4":"has-post-thumbnail","6":"product_model-procontact-gx-es","7":"product_brand-continental-es","8":"product_cat-corre-plano","9":"product_cat-equipo-original-oe","10":"product_cat-rv-recreational-vehicle-mobile-home","11":"product_cat-smartway-en-ingles","12":"pa_tire-size-195-65r15-es","14":"first","15":"instock","16":"shipping-taxable","17":"purchasable","18":"product-type-simple"},"acf":[],"_links":{"self":[{"href":"https:\/\/stmtires.com\/es\/wp-json\/wp\/v2\/product\/157073","targetHints":{"allow":["GET"]}}],"collection":[{"href":"https:\/\/stmtires.com\/es\/wp-json\/wp\/v2\/product"}],"about":[{"href":"https:\/\/stmtires.com\/es\/wp-json\/wp\/v2\/types\/product"}],"replies":[{"embeddable":true,"href":"https:\/\/stmtires.com\/es\/wp-json\/wp\/v2\/comments?post=157073"}],"wp:featuredmedia":[{"embeddable":true,"href":"https:\/\/stmtires.com\/es\/wp-json\/wp\/v2\/media\/226739"}],"wp:attachment":[{"href":"https:\/\/stmtires.com\/es\/wp-json\/wp\/v2\/media?parent=157073"}],"wp:term":[{"taxonomy":"product_model","embeddable":true,"href":"https:\/\/stmtires.com\/es\/wp-json\/wp\/v2\/product_model?post=157073"},{"taxonomy":"product_brand","embeddable":true,"href":"https:\/\/stmtires.com\/es\/wp-json\/wp\/v2\/product_brand?post=157073"},{"taxonomy":"product_cat","embeddable":true,"href":"https:\/\/stmtires.com\/es\/wp-json\/wp\/v2\/product_cat?post=157073"},{"taxonomy":"product_tag","embeddable":true,"href":"https:\/\/stmtires.com\/es\/wp-json\/wp\/v2\/product_tag?post=157073"}],"curies":[{"name":"wp","href":"https:\/\/api.w.org\/{rel}","templated":true}]}}