{"id":157412,"date":"2022-05-01T17:23:20","date_gmt":"2022-05-01T22:23:20","guid":{"rendered":"https:\/\/website.dev.stmtires.com\/shop\/sin categor\u00eda\/255-45r18-fr-contiprocontacto-ao\/"},"modified":"2022-05-01T17:23:20","modified_gmt":"2022-05-01T22:23:20","slug":"255-45r18-fr-contiprocontacto-ao","status":"publish","type":"product","link":"https:\/\/stmtires.com\/es\/shop\/continental-es\/255-45r18-fr-contiprocontacto-ao\/","title":{"rendered":"255\/45R18 FR CONTIPROCONTACTO AO"},"content":{"rendered":"<p>Neum\u00e1tico de turismo para turismos para todas las estaciones. Tecnolog\u00eda Run Flat disponible en tama\u00f1os seleccionados.<\/p>\n","protected":false},"excerpt":{"rendered":"<p>Neum\u00e1tico de turismo para turismos para todas las estaciones. Tecnolog\u00eda Run Flat disponible en tama\u00f1os seleccionados.<\/p>\n","protected":false},"featured_media":225178,"comment_status":"open","ping_status":"closed","template":"","meta":{"_acf_changed":false,"subheading":[]},"product_model":[22226],"product_brand":[15742],"product_cat":[19271],"product_tag":[],"class_list":{"0":"post-157412","1":"product","2":"type-product","3":"status-publish","4":"has-post-thumbnail","6":"product_model-contiprocontact-es","7":"product_brand-continental-es","8":"product_cat-corre-plano","9":"pa_tire-size-255-45r18-es","11":"first","12":"instock","13":"shipping-taxable","14":"purchasable","15":"product-type-simple"},"acf":[],"_links":{"self":[{"href":"https:\/\/stmtires.com\/es\/wp-json\/wp\/v2\/product\/157412","targetHints":{"allow":["GET"]}}],"collection":[{"href":"https:\/\/stmtires.com\/es\/wp-json\/wp\/v2\/product"}],"about":[{"href":"https:\/\/stmtires.com\/es\/wp-json\/wp\/v2\/types\/product"}],"replies":[{"embeddable":true,"href":"https:\/\/stmtires.com\/es\/wp-json\/wp\/v2\/comments?post=157412"}],"wp:featuredmedia":[{"embeddable":true,"href":"https:\/\/stmtires.com\/es\/wp-json\/wp\/v2\/media\/225178"}],"wp:attachment":[{"href":"https:\/\/stmtires.com\/es\/wp-json\/wp\/v2\/media?parent=157412"}],"wp:term":[{"taxonomy":"product_model","embeddable":true,"href":"https:\/\/stmtires.com\/es\/wp-json\/wp\/v2\/product_model?post=157412"},{"taxonomy":"product_brand","embeddable":true,"href":"https:\/\/stmtires.com\/es\/wp-json\/wp\/v2\/product_brand?post=157412"},{"taxonomy":"product_cat","embeddable":true,"href":"https:\/\/stmtires.com\/es\/wp-json\/wp\/v2\/product_cat?post=157412"},{"taxonomy":"product_tag","embeddable":true,"href":"https:\/\/stmtires.com\/es\/wp-json\/wp\/v2\/product_tag?post=157412"}],"curies":[{"name":"wp","href":"https:\/\/api.w.org\/{rel}","templated":true}]}}