{"id":157455,"date":"2022-05-01T14:35:17","date_gmt":"2022-05-01T19:35:17","guid":{"rendered":"https:\/\/website.dev.stmtires.com\/shop\/sin categor\u00eda\/255-40r18-xl-fr-contiprocontacto-mo\/"},"modified":"2022-05-19T17:58:49","modified_gmt":"2022-05-19T22:58:49","slug":"255-40r18-xl-fr-contiprocontact-mo-2","status":"publish","type":"product","link":"https:\/\/stmtires.com\/es\/shop\/continental-es\/255-40r18-xl-fr-contiprocontact-mo-2\/","title":{"rendered":"255\/40R18 XL FR CONTIPROCONTACTO MO"},"content":{"rendered":"<p>Neum\u00e1tico de turismo para turismos para todas las estaciones. Tecnolog\u00eda Run Flat disponible en tama\u00f1os seleccionados.<\/p>\n","protected":false},"excerpt":{"rendered":"<p>Neum\u00e1tico de turismo para turismos para todas las estaciones. Tecnolog\u00eda Run Flat disponible en tama\u00f1os seleccionados.<\/p>\n","protected":false},"featured_media":225178,"comment_status":"open","ping_status":"closed","template":"","meta":{"_acf_changed":false,"subheading":[]},"product_model":[22226],"product_brand":[15742],"product_cat":[19271,16295],"product_tag":[],"class_list":{"0":"post-157455","1":"product","2":"type-product","3":"status-publish","4":"has-post-thumbnail","6":"product_model-contiprocontact-es","7":"product_brand-continental-es","8":"product_cat-corre-plano","9":"product_cat-run-flat","10":"pa_tire-size-255-40r18-es","12":"first","13":"instock","14":"shipping-taxable","15":"purchasable","16":"product-type-simple"},"acf":[],"_links":{"self":[{"href":"https:\/\/stmtires.com\/es\/wp-json\/wp\/v2\/product\/157455","targetHints":{"allow":["GET"]}}],"collection":[{"href":"https:\/\/stmtires.com\/es\/wp-json\/wp\/v2\/product"}],"about":[{"href":"https:\/\/stmtires.com\/es\/wp-json\/wp\/v2\/types\/product"}],"replies":[{"embeddable":true,"href":"https:\/\/stmtires.com\/es\/wp-json\/wp\/v2\/comments?post=157455"}],"wp:featuredmedia":[{"embeddable":true,"href":"https:\/\/stmtires.com\/es\/wp-json\/wp\/v2\/media\/225178"}],"wp:attachment":[{"href":"https:\/\/stmtires.com\/es\/wp-json\/wp\/v2\/media?parent=157455"}],"wp:term":[{"taxonomy":"product_model","embeddable":true,"href":"https:\/\/stmtires.com\/es\/wp-json\/wp\/v2\/product_model?post=157455"},{"taxonomy":"product_brand","embeddable":true,"href":"https:\/\/stmtires.com\/es\/wp-json\/wp\/v2\/product_brand?post=157455"},{"taxonomy":"product_cat","embeddable":true,"href":"https:\/\/stmtires.com\/es\/wp-json\/wp\/v2\/product_cat?post=157455"},{"taxonomy":"product_tag","embeddable":true,"href":"https:\/\/stmtires.com\/es\/wp-json\/wp\/v2\/product_tag?post=157455"}],"curies":[{"name":"wp","href":"https:\/\/api.w.org\/{rel}","templated":true}]}}