{"id":157953,"date":"2022-05-11T11:37:29","date_gmt":"2022-05-11T16:37:29","guid":{"rendered":"https:\/\/website.dev.stmtires.com\/shop\/sin categor\u00eda\/p235-75r15-xl-comercial-t-a-para-todas-las-estaciones\/"},"modified":"2023-01-06T10:56:36","modified_gmt":"2023-01-06T16:56:36","slug":"p235-75r15-xl-commercial-t-a-all-season-2","status":"publish","type":"product","link":"https:\/\/stmtires.com\/es\/shop\/bfgoodrich-es\/p235-75r15-xl-commercial-t-a-all-season-2\/","title":{"rendered":"P235\/75R15\/XL COMERCIAL T\/A PARA TODAS LAS ESTACIONES"},"content":{"rendered":"<p>Cami\u00f3n ligero comercial para todas las estaciones y neum\u00e1tico de flota dise\u00f1ado para ayudar a mantener bajos los costos operativos.<\/p>\n","protected":false},"excerpt":{"rendered":"<p>Cami\u00f3n ligero comercial para todas las estaciones y neum\u00e1tico de flota dise\u00f1ado para ayudar a mantener bajos los costos operativos.<\/p>\n","protected":false},"featured_media":225642,"comment_status":"open","ping_status":"closed","template":"","meta":{"_acf_changed":false,"subheading":[]},"product_model":[22302],"product_brand":[15735],"product_cat":[19261,16437],"product_tag":[],"class_list":{"0":"post-157953","1":"product","2":"type-product","3":"status-publish","4":"has-post-thumbnail","6":"product_model-commercial-t-a-all-season-es","7":"product_brand-bfgoodrich-es","8":"product_cat-camion-ligero-comercial-furgoneta","9":"product_cat-toda-la-temporada-a-s","10":"pa_tire-size-235-75r15-es","12":"first","13":"instock","14":"shipping-taxable","15":"purchasable","16":"product-type-simple"},"acf":[],"_links":{"self":[{"href":"https:\/\/stmtires.com\/es\/wp-json\/wp\/v2\/product\/157953","targetHints":{"allow":["GET"]}}],"collection":[{"href":"https:\/\/stmtires.com\/es\/wp-json\/wp\/v2\/product"}],"about":[{"href":"https:\/\/stmtires.com\/es\/wp-json\/wp\/v2\/types\/product"}],"replies":[{"embeddable":true,"href":"https:\/\/stmtires.com\/es\/wp-json\/wp\/v2\/comments?post=157953"}],"wp:featuredmedia":[{"embeddable":true,"href":"https:\/\/stmtires.com\/es\/wp-json\/wp\/v2\/media\/225642"}],"wp:attachment":[{"href":"https:\/\/stmtires.com\/es\/wp-json\/wp\/v2\/media?parent=157953"}],"wp:term":[{"taxonomy":"product_model","embeddable":true,"href":"https:\/\/stmtires.com\/es\/wp-json\/wp\/v2\/product_model?post=157953"},{"taxonomy":"product_brand","embeddable":true,"href":"https:\/\/stmtires.com\/es\/wp-json\/wp\/v2\/product_brand?post=157953"},{"taxonomy":"product_cat","embeddable":true,"href":"https:\/\/stmtires.com\/es\/wp-json\/wp\/v2\/product_cat?post=157953"},{"taxonomy":"product_tag","embeddable":true,"href":"https:\/\/stmtires.com\/es\/wp-json\/wp\/v2\/product_tag?post=157953"}],"curies":[{"name":"wp","href":"https:\/\/api.w.org\/{rel}","templated":true}]}}