{"id":158022,"date":"2022-05-11T11:45:37","date_gmt":"2022-05-11T16:45:37","guid":{"rendered":"https:\/\/website.dev.stmtires.com\/shop\/sin categor\u00eda\/lt265-70r17-e-comercial-t-a-toda-la-temporada-2\/"},"modified":"2022-05-11T11:45:37","modified_gmt":"2022-05-11T16:45:37","slug":"lt265-70r17-e-commercial-t-a-all-season-2-2","status":"publish","type":"product","link":"https:\/\/stmtires.com\/es\/shop\/bfgoodrich-es\/lt265-70r17-e-commercial-t-a-all-season-2-2\/","title":{"rendered":"LT265\/70R17 E COMERCIAL T\/A TODA LA TEMPORADA 2"},"content":{"rendered":"<p>Neum\u00e1tico de cami\u00f3n ligero comercial reforzado para todas las estaciones dise\u00f1ado para satisfacer las necesidades de su negocio.<\/p>\n","protected":false},"excerpt":{"rendered":"<p>Neum\u00e1tico de cami\u00f3n ligero comercial reforzado para todas las estaciones dise\u00f1ado para satisfacer las necesidades de su negocio.<\/p>\n","protected":false},"featured_media":226271,"comment_status":"open","ping_status":"closed","template":"","meta":{"_acf_changed":false,"subheading":[]},"product_model":[22346],"product_brand":[15735],"product_cat":[19261,16437],"product_tag":[],"class_list":{"0":"post-158022","1":"product","2":"type-product","3":"status-publish","4":"has-post-thumbnail","6":"product_model-commercial-t-a-all-season-2-es-2","7":"product_brand-bfgoodrich-es","8":"product_cat-camion-ligero-comercial-furgoneta","9":"product_cat-toda-la-temporada-a-s","10":"pa_tire-size-265-70r17-es","12":"first","13":"instock","14":"shipping-taxable","15":"purchasable","16":"product-type-simple"},"acf":[],"_links":{"self":[{"href":"https:\/\/stmtires.com\/es\/wp-json\/wp\/v2\/product\/158022","targetHints":{"allow":["GET"]}}],"collection":[{"href":"https:\/\/stmtires.com\/es\/wp-json\/wp\/v2\/product"}],"about":[{"href":"https:\/\/stmtires.com\/es\/wp-json\/wp\/v2\/types\/product"}],"replies":[{"embeddable":true,"href":"https:\/\/stmtires.com\/es\/wp-json\/wp\/v2\/comments?post=158022"}],"wp:featuredmedia":[{"embeddable":true,"href":"https:\/\/stmtires.com\/es\/wp-json\/wp\/v2\/media\/226271"}],"wp:attachment":[{"href":"https:\/\/stmtires.com\/es\/wp-json\/wp\/v2\/media?parent=158022"}],"wp:term":[{"taxonomy":"product_model","embeddable":true,"href":"https:\/\/stmtires.com\/es\/wp-json\/wp\/v2\/product_model?post=158022"},{"taxonomy":"product_brand","embeddable":true,"href":"https:\/\/stmtires.com\/es\/wp-json\/wp\/v2\/product_brand?post=158022"},{"taxonomy":"product_cat","embeddable":true,"href":"https:\/\/stmtires.com\/es\/wp-json\/wp\/v2\/product_cat?post=158022"},{"taxonomy":"product_tag","embeddable":true,"href":"https:\/\/stmtires.com\/es\/wp-json\/wp\/v2\/product_tag?post=158022"}],"curies":[{"name":"wp","href":"https:\/\/api.w.org\/{rel}","templated":true}]}}