{"id":158192,"date":"2022-05-12T19:29:11","date_gmt":"2022-05-13T00:29:11","guid":{"rendered":"https:\/\/website.dev.stmtires.com\/shop\/sin categor\u00eda\/11r22-5-h-504c\/"},"modified":"2022-07-20T21:07:00","modified_gmt":"2022-07-21T02:07:00","slug":"11r22-5-h-504c-2","status":"publish","type":"product","link":"https:\/\/stmtires.com\/es\/shop\/yokohama\/11r22-5-h-504c-2\/","title":{"rendered":"11R22.5 H 504C"},"content":{"rendered":"<p>Autob\u00fas cami\u00f3n comercial. Neum\u00e1tico radial de posici\u00f3n total para camiones de servicio mediano para aplicaciones dentro y fuera de la carretera.<\/p>\n","protected":false},"excerpt":{"rendered":"<p>Autob\u00fas cami\u00f3n comercial. Neum\u00e1tico radial de posici\u00f3n total para camiones de servicio mediano para aplicaciones dentro y fuera de la carretera.<\/p>\n","protected":false},"featured_media":221974,"comment_status":"open","ping_status":"closed","template":"","meta":{"_acf_changed":false,"subheading":[]},"product_model":[23181],"product_brand":[54],"product_cat":[19289,16265,19316,19253],"product_tag":[],"class_list":{"0":"post-158192","1":"product","2":"type-product","3":"status-publish","4":"has-post-thumbnail","6":"product_model-504c-es","7":"product_brand-yokohama","8":"product_cat-radial-es","9":"product_cat-radial","10":"product_cat-todas-las-posiciones","11":"product_cat-uncategorized","12":"pa_tire-size-11r22-5-es","14":"first","15":"instock","16":"shipping-taxable","17":"purchasable","18":"product-type-simple"},"acf":[],"_links":{"self":[{"href":"https:\/\/stmtires.com\/es\/wp-json\/wp\/v2\/product\/158192","targetHints":{"allow":["GET"]}}],"collection":[{"href":"https:\/\/stmtires.com\/es\/wp-json\/wp\/v2\/product"}],"about":[{"href":"https:\/\/stmtires.com\/es\/wp-json\/wp\/v2\/types\/product"}],"replies":[{"embeddable":true,"href":"https:\/\/stmtires.com\/es\/wp-json\/wp\/v2\/comments?post=158192"}],"wp:featuredmedia":[{"embeddable":true,"href":"https:\/\/stmtires.com\/es\/wp-json\/wp\/v2\/media\/221974"}],"wp:attachment":[{"href":"https:\/\/stmtires.com\/es\/wp-json\/wp\/v2\/media?parent=158192"}],"wp:term":[{"taxonomy":"product_model","embeddable":true,"href":"https:\/\/stmtires.com\/es\/wp-json\/wp\/v2\/product_model?post=158192"},{"taxonomy":"product_brand","embeddable":true,"href":"https:\/\/stmtires.com\/es\/wp-json\/wp\/v2\/product_brand?post=158192"},{"taxonomy":"product_cat","embeddable":true,"href":"https:\/\/stmtires.com\/es\/wp-json\/wp\/v2\/product_cat?post=158192"},{"taxonomy":"product_tag","embeddable":true,"href":"https:\/\/stmtires.com\/es\/wp-json\/wp\/v2\/product_tag?post=158192"}],"curies":[{"name":"wp","href":"https:\/\/api.w.org\/{rel}","templated":true}]}}