{"id":158202,"date":"2022-05-12T19:29:10","date_gmt":"2022-05-13T00:29:10","guid":{"rendered":"https:\/\/website.dev.stmtires.com\/shop\/sin categor\u00eda\/225-70r19-5-h-115r\/"},"modified":"2022-07-20T21:07:07","modified_gmt":"2022-07-21T02:07:07","slug":"225-70r19-5-h-115r-2","status":"publish","type":"product","link":"https:\/\/stmtires.com\/es\/shop\/yokohama\/225-70r19-5-h-115r-2\/","title":{"rendered":"225\/70R19.5 H 115R"},"content":{"rendered":"<p>Autob\u00fas cami\u00f3n comercial. Neum\u00e1tico de cami\u00f3n radial para todas las estaciones dise\u00f1ado espec\u00edficamente para veh\u00edculos de emergencia u otros veh\u00edculos de clase 4 y 5 donde las capacidades de alta velocidad son imprescindibles.<\/p>\n","protected":false},"excerpt":{"rendered":"<p>Autob\u00fas cami\u00f3n comercial. Neum\u00e1tico de cami\u00f3n radial para todas las estaciones dise\u00f1ado espec\u00edficamente para veh\u00edculos de emergencia u otros veh\u00edculos de clase 4 y 5 donde las capacidades de alta velocidad son imprescindibles.<\/p>\n","protected":false},"featured_media":222172,"comment_status":"open","ping_status":"closed","template":"","meta":{"_acf_changed":false,"subheading":[]},"product_model":[23179],"product_brand":[54],"product_cat":[25986,25185,19289,19351,19316,19253],"product_tag":[],"class_list":{"0":"post-158202","1":"product","2":"type-product","3":"status-publish","4":"has-post-thumbnail","6":"product_model-115r-es","7":"product_brand-yokohama","8":"product_cat-luz-de-pasajero","9":"product_cat-passenger-light","10":"product_cat-radial-es","11":"product_cat-terreno-de-barro-m-t","12":"product_cat-todas-las-posiciones","13":"product_cat-uncategorized","14":"pa_tire-size-225-70r19-5-es","16":"first","17":"instock","18":"shipping-taxable","19":"purchasable","20":"product-type-simple"},"acf":[],"_links":{"self":[{"href":"https:\/\/stmtires.com\/es\/wp-json\/wp\/v2\/product\/158202","targetHints":{"allow":["GET"]}}],"collection":[{"href":"https:\/\/stmtires.com\/es\/wp-json\/wp\/v2\/product"}],"about":[{"href":"https:\/\/stmtires.com\/es\/wp-json\/wp\/v2\/types\/product"}],"replies":[{"embeddable":true,"href":"https:\/\/stmtires.com\/es\/wp-json\/wp\/v2\/comments?post=158202"}],"wp:featuredmedia":[{"embeddable":true,"href":"https:\/\/stmtires.com\/es\/wp-json\/wp\/v2\/media\/222172"}],"wp:attachment":[{"href":"https:\/\/stmtires.com\/es\/wp-json\/wp\/v2\/media?parent=158202"}],"wp:term":[{"taxonomy":"product_model","embeddable":true,"href":"https:\/\/stmtires.com\/es\/wp-json\/wp\/v2\/product_model?post=158202"},{"taxonomy":"product_brand","embeddable":true,"href":"https:\/\/stmtires.com\/es\/wp-json\/wp\/v2\/product_brand?post=158202"},{"taxonomy":"product_cat","embeddable":true,"href":"https:\/\/stmtires.com\/es\/wp-json\/wp\/v2\/product_cat?post=158202"},{"taxonomy":"product_tag","embeddable":true,"href":"https:\/\/stmtires.com\/es\/wp-json\/wp\/v2\/product_tag?post=158202"}],"curies":[{"name":"wp","href":"https:\/\/api.w.org\/{rel}","templated":true}]}}