{"id":158321,"date":"2022-05-12T19:28:25","date_gmt":"2022-05-13T00:28:25","guid":{"rendered":"https:\/\/website.dev.stmtires.com\/shop\/sin categor\u00eda\/295-55r22-5-g-tl-doble-moneda-ft115\/"},"modified":"2022-07-20T21:07:07","modified_gmt":"2022-07-21T02:07:07","slug":"295-55r22-5-g-tl-double-coin-ft115-2","status":"publish","type":"product","link":"https:\/\/stmtires.com\/es\/shop\/double-coin\/295-55r22-5-g-tl-double-coin-ft115-2\/","title":{"rendered":"295\/55R22.5 G TL DOBLE MONEDA FT115"},"content":{"rendered":"<p>Cami\u00f3n\/Autob\u00fas Comercial. Neum\u00e1tico de posici\u00f3n de remolque de cami\u00f3n de servicio mediano verificado por SmartWay, ideal para aplicaciones de transporte en l\u00ednea.<\/p>\n","protected":false},"excerpt":{"rendered":"<p>Cami\u00f3n\/Autob\u00fas Comercial. Neum\u00e1tico de posici\u00f3n de remolque de cami\u00f3n de servicio mediano verificado por SmartWay, ideal para aplicaciones de transporte en l\u00ednea.<\/p>\n","protected":false},"featured_media":0,"comment_status":"open","ping_status":"closed","template":"","meta":{"_acf_changed":false,"subheading":[]},"product_model":[23222],"product_brand":[103],"product_cat":[19286,19336,16304,19323,19253],"product_tag":[],"class_list":{"0":"post-158321","1":"product","2":"type-product","3":"status-publish","5":"product_model-double-coin-ft115-es","6":"product_brand-double-coin","7":"product_cat-camion-autobus-comercial","8":"product_cat-posicion-del-remolque","9":"product_cat-smartway","10":"product_cat-smartway-en-ingles","11":"product_cat-uncategorized","13":"first","14":"instock","15":"shipping-taxable","16":"purchasable","17":"product-type-simple"},"acf":[],"_links":{"self":[{"href":"https:\/\/stmtires.com\/es\/wp-json\/wp\/v2\/product\/158321","targetHints":{"allow":["GET"]}}],"collection":[{"href":"https:\/\/stmtires.com\/es\/wp-json\/wp\/v2\/product"}],"about":[{"href":"https:\/\/stmtires.com\/es\/wp-json\/wp\/v2\/types\/product"}],"replies":[{"embeddable":true,"href":"https:\/\/stmtires.com\/es\/wp-json\/wp\/v2\/comments?post=158321"}],"wp:attachment":[{"href":"https:\/\/stmtires.com\/es\/wp-json\/wp\/v2\/media?parent=158321"}],"wp:term":[{"taxonomy":"product_model","embeddable":true,"href":"https:\/\/stmtires.com\/es\/wp-json\/wp\/v2\/product_model?post=158321"},{"taxonomy":"product_brand","embeddable":true,"href":"https:\/\/stmtires.com\/es\/wp-json\/wp\/v2\/product_brand?post=158321"},{"taxonomy":"product_cat","embeddable":true,"href":"https:\/\/stmtires.com\/es\/wp-json\/wp\/v2\/product_cat?post=158321"},{"taxonomy":"product_tag","embeddable":true,"href":"https:\/\/stmtires.com\/es\/wp-json\/wp\/v2\/product_tag?post=158321"}],"curies":[{"name":"wp","href":"https:\/\/api.w.org\/{rel}","templated":true}]}}