{"id":158475,"date":"2022-05-12T19:27:48","date_gmt":"2022-05-13T00:27:48","guid":{"rendered":"https:\/\/website.dev.stmtires.com\/shop\/sin categor\u00eda\/245-50r19-xl-alenza-001-run-flat\/"},"modified":"2022-07-20T21:07:54","modified_gmt":"2022-07-21T02:07:54","slug":"245-50r19-xl-alenza-001-run-flat-2","status":"publish","type":"product","link":"https:\/\/stmtires.com\/es\/shop\/bridgestone\/245-50r19-xl-alenza-001-run-flat-2\/","title":{"rendered":"245\/50R19 XL ALENZA 001 RUN FLAT"},"content":{"rendered":"<p>Neum\u00e1tico SUV de pasajeros de verano. Equipo original en veh\u00edculos seleccionados. Tecnolog\u00eda Run Flat disponible en tama\u00f1os seleccionados.<\/p>\n","protected":false},"excerpt":{"rendered":"<p>Neum\u00e1tico SUV de pasajeros de verano. Equipo original en veh\u00edculos seleccionados. Tecnolog\u00eda Run Flat disponible en tama\u00f1os seleccionados.<\/p>\n","protected":false},"featured_media":0,"comment_status":"open","ping_status":"closed","template":"","meta":{"_acf_changed":false,"subheading":[]},"product_model":[23045],"product_brand":[],"product_cat":[19242,16244,19253],"product_tag":[],"class_list":{"0":"post-158475","1":"product","2":"type-product","3":"status-publish","5":"product_model-alenza-001-es","6":"product_cat-equipo-original-oe","7":"product_cat-original-equipment-oe","8":"product_cat-uncategorized","9":"pa_tire-size-245-50r19-es","11":"first","12":"instock","13":"shipping-taxable","14":"purchasable","15":"product-type-simple"},"acf":[],"_links":{"self":[{"href":"https:\/\/stmtires.com\/es\/wp-json\/wp\/v2\/product\/158475","targetHints":{"allow":["GET"]}}],"collection":[{"href":"https:\/\/stmtires.com\/es\/wp-json\/wp\/v2\/product"}],"about":[{"href":"https:\/\/stmtires.com\/es\/wp-json\/wp\/v2\/types\/product"}],"replies":[{"embeddable":true,"href":"https:\/\/stmtires.com\/es\/wp-json\/wp\/v2\/comments?post=158475"}],"wp:attachment":[{"href":"https:\/\/stmtires.com\/es\/wp-json\/wp\/v2\/media?parent=158475"}],"wp:term":[{"taxonomy":"product_model","embeddable":true,"href":"https:\/\/stmtires.com\/es\/wp-json\/wp\/v2\/product_model?post=158475"},{"taxonomy":"product_brand","embeddable":true,"href":"https:\/\/stmtires.com\/es\/wp-json\/wp\/v2\/product_brand?post=158475"},{"taxonomy":"product_cat","embeddable":true,"href":"https:\/\/stmtires.com\/es\/wp-json\/wp\/v2\/product_cat?post=158475"},{"taxonomy":"product_tag","embeddable":true,"href":"https:\/\/stmtires.com\/es\/wp-json\/wp\/v2\/product_tag?post=158475"}],"curies":[{"name":"wp","href":"https:\/\/api.w.org\/{rel}","templated":true}]}}