{"id":158485,"date":"2022-05-12T19:27:02","date_gmt":"2022-05-13T00:27:02","guid":{"rendered":"https:\/\/website.dev.stmtires.com\/shop\/sin categor\u00eda\/245-70r19-5-h-714r\/"},"modified":"2022-07-20T21:57:05","modified_gmt":"2022-07-21T02:57:05","slug":"245-70r19-5-h-714r-2","status":"publish","type":"product","link":"https:\/\/stmtires.com\/es\/shop\/yokohama\/245-70r19-5-h-714r-2\/","title":{"rendered":"245\/70R19.5 H 714R"},"content":{"rendered":"<p>Autob\u00fas cami\u00f3n comercial. Posici\u00f3n de accionamiento de hombro abierto Neum\u00e1tico radial de cami\u00f3n para aplicaciones de entrega de recogida.<\/p>\n","protected":false},"excerpt":{"rendered":"<p>Autob\u00fas cami\u00f3n comercial. Posici\u00f3n de accionamiento de hombro abierto Neum\u00e1tico radial de cami\u00f3n para aplicaciones de entrega de recogida.<\/p>\n","protected":false},"featured_media":220880,"comment_status":"open","ping_status":"closed","template":"","meta":{"_acf_changed":false,"subheading":[]},"product_model":[23180],"product_brand":[54],"product_cat":[19288,19310,16307,19289,19253],"product_tag":[],"class_list":{"0":"post-158485","1":"product","2":"type-product","3":"status-publish","4":"has-post-thumbnail","6":"product_model-714r-es","7":"product_brand-yokohama","8":"product_cat-conducir","9":"product_cat-hombro-abierto","10":"product_cat-open-shoulder","11":"product_cat-radial-es","12":"product_cat-uncategorized","13":"pa_tire-size-245-70r19-5-es","15":"first","16":"instock","17":"shipping-taxable","18":"purchasable","19":"product-type-simple"},"acf":[],"_links":{"self":[{"href":"https:\/\/stmtires.com\/es\/wp-json\/wp\/v2\/product\/158485","targetHints":{"allow":["GET"]}}],"collection":[{"href":"https:\/\/stmtires.com\/es\/wp-json\/wp\/v2\/product"}],"about":[{"href":"https:\/\/stmtires.com\/es\/wp-json\/wp\/v2\/types\/product"}],"replies":[{"embeddable":true,"href":"https:\/\/stmtires.com\/es\/wp-json\/wp\/v2\/comments?post=158485"}],"wp:featuredmedia":[{"embeddable":true,"href":"https:\/\/stmtires.com\/es\/wp-json\/wp\/v2\/media\/220880"}],"wp:attachment":[{"href":"https:\/\/stmtires.com\/es\/wp-json\/wp\/v2\/media?parent=158485"}],"wp:term":[{"taxonomy":"product_model","embeddable":true,"href":"https:\/\/stmtires.com\/es\/wp-json\/wp\/v2\/product_model?post=158485"},{"taxonomy":"product_brand","embeddable":true,"href":"https:\/\/stmtires.com\/es\/wp-json\/wp\/v2\/product_brand?post=158485"},{"taxonomy":"product_cat","embeddable":true,"href":"https:\/\/stmtires.com\/es\/wp-json\/wp\/v2\/product_cat?post=158485"},{"taxonomy":"product_tag","embeddable":true,"href":"https:\/\/stmtires.com\/es\/wp-json\/wp\/v2\/product_tag?post=158485"}],"curies":[{"name":"wp","href":"https:\/\/api.w.org\/{rel}","templated":true}]}}