{"id":158721,"date":"2022-05-12T19:25:35","date_gmt":"2022-05-13T00:25:35","guid":{"rendered":"https:\/\/website.dev.stmtires.com\/shop\/sin categor\u00eda\/225-70r19-5-g-qr75-osd\/"},"modified":"2022-07-20T21:57:57","modified_gmt":"2022-07-21T02:57:57","slug":"225-70r19-5-g-qr75-osd-2","status":"publish","type":"product","link":"https:\/\/stmtires.com\/es\/shop\/gladiator\/225-70r19-5-g-qr75-osd-2\/","title":{"rendered":"225\/70R19.5 G QR75-OSD"},"content":{"rendered":"<p>Cami\u00f3n\/Autob\u00fas Comercial. Posici\u00f3n de accionamiento de cami\u00f3n de servicio mediano Neum\u00e1tico radial para aplicaciones en carreteras.<\/p>\n","protected":false},"excerpt":{"rendered":"<p>Cami\u00f3n\/Autob\u00fas Comercial. Posici\u00f3n de accionamiento de cami\u00f3n de servicio mediano Neum\u00e1tico radial para aplicaciones en carreteras.<\/p>\n","protected":false},"featured_media":221710,"comment_status":"open","ping_status":"closed","template":"","meta":{"_acf_changed":false,"subheading":[]},"product_model":[23152],"product_brand":[108],"product_cat":[19286,19288,16265,19289,19287,19253],"product_tag":[],"class_list":{"0":"post-158721","1":"product","2":"type-product","3":"status-publish","4":"has-post-thumbnail","6":"product_model-qr75-osd-es","7":"product_brand-gladiator","8":"product_cat-camion-autobus-comercial","9":"product_cat-conducir","10":"product_cat-radial","11":"product_cat-radial-es","12":"product_cat-servicio-de-autopistas","13":"product_cat-uncategorized","14":"pa_tire-size-225-70r19-5-es","16":"first","17":"instock","18":"shipping-taxable","19":"purchasable","20":"product-type-simple"},"acf":[],"_links":{"self":[{"href":"https:\/\/stmtires.com\/es\/wp-json\/wp\/v2\/product\/158721","targetHints":{"allow":["GET"]}}],"collection":[{"href":"https:\/\/stmtires.com\/es\/wp-json\/wp\/v2\/product"}],"about":[{"href":"https:\/\/stmtires.com\/es\/wp-json\/wp\/v2\/types\/product"}],"replies":[{"embeddable":true,"href":"https:\/\/stmtires.com\/es\/wp-json\/wp\/v2\/comments?post=158721"}],"wp:featuredmedia":[{"embeddable":true,"href":"https:\/\/stmtires.com\/es\/wp-json\/wp\/v2\/media\/221710"}],"wp:attachment":[{"href":"https:\/\/stmtires.com\/es\/wp-json\/wp\/v2\/media?parent=158721"}],"wp:term":[{"taxonomy":"product_model","embeddable":true,"href":"https:\/\/stmtires.com\/es\/wp-json\/wp\/v2\/product_model?post=158721"},{"taxonomy":"product_brand","embeddable":true,"href":"https:\/\/stmtires.com\/es\/wp-json\/wp\/v2\/product_brand?post=158721"},{"taxonomy":"product_cat","embeddable":true,"href":"https:\/\/stmtires.com\/es\/wp-json\/wp\/v2\/product_cat?post=158721"},{"taxonomy":"product_tag","embeddable":true,"href":"https:\/\/stmtires.com\/es\/wp-json\/wp\/v2\/product_tag?post=158721"}],"curies":[{"name":"wp","href":"https:\/\/api.w.org\/{rel}","templated":true}]}}