{"id":158787,"date":"2022-05-12T19:23:28","date_gmt":"2022-05-13T00:23:28","guid":{"rendered":"https:\/\/website.dev.stmtires.com\/shop\/sin categor\u00eda\/295-75r22-5-g-dr-750\/"},"modified":"2022-07-20T21:58:56","modified_gmt":"2022-07-21T02:58:56","slug":"295-75r22-5-g-dr-750-2","status":"publish","type":"product","link":"https:\/\/stmtires.com\/es\/shop\/zenna\/295-75r22-5-g-dr-750-2\/","title":{"rendered":"295\/75R22.5 G DR-750"},"content":{"rendered":"<p>Autob\u00fas cami\u00f3n comercial. Posici\u00f3n premium de accionamiento de hombro abierto, neum\u00e1tico radial de cami\u00f3n de servicio medio.<\/p>\n","protected":false},"excerpt":{"rendered":"<p>Autob\u00fas cami\u00f3n comercial. Posici\u00f3n premium de accionamiento de hombro abierto, neum\u00e1tico radial de cami\u00f3n de servicio medio.<\/p>\n","protected":false},"featured_media":222880,"comment_status":"open","ping_status":"closed","template":"","meta":{"_acf_changed":false,"subheading":[]},"product_model":[23151],"product_brand":[261],"product_cat":[19288,19253],"product_tag":[],"class_list":{"0":"post-158787","1":"product","2":"type-product","3":"status-publish","4":"has-post-thumbnail","6":"product_model-dr-750-es","7":"product_brand-zenna","8":"product_cat-conducir","9":"product_cat-uncategorized","10":"pa_tire-size-295-75r22-5-es","12":"first","13":"instock","14":"shipping-taxable","15":"purchasable","16":"product-type-simple"},"acf":[],"_links":{"self":[{"href":"https:\/\/stmtires.com\/es\/wp-json\/wp\/v2\/product\/158787","targetHints":{"allow":["GET"]}}],"collection":[{"href":"https:\/\/stmtires.com\/es\/wp-json\/wp\/v2\/product"}],"about":[{"href":"https:\/\/stmtires.com\/es\/wp-json\/wp\/v2\/types\/product"}],"replies":[{"embeddable":true,"href":"https:\/\/stmtires.com\/es\/wp-json\/wp\/v2\/comments?post=158787"}],"wp:featuredmedia":[{"embeddable":true,"href":"https:\/\/stmtires.com\/es\/wp-json\/wp\/v2\/media\/222880"}],"wp:attachment":[{"href":"https:\/\/stmtires.com\/es\/wp-json\/wp\/v2\/media?parent=158787"}],"wp:term":[{"taxonomy":"product_model","embeddable":true,"href":"https:\/\/stmtires.com\/es\/wp-json\/wp\/v2\/product_model?post=158787"},{"taxonomy":"product_brand","embeddable":true,"href":"https:\/\/stmtires.com\/es\/wp-json\/wp\/v2\/product_brand?post=158787"},{"taxonomy":"product_cat","embeddable":true,"href":"https:\/\/stmtires.com\/es\/wp-json\/wp\/v2\/product_cat?post=158787"},{"taxonomy":"product_tag","embeddable":true,"href":"https:\/\/stmtires.com\/es\/wp-json\/wp\/v2\/product_tag?post=158787"}],"curies":[{"name":"wp","href":"https:\/\/api.w.org\/{rel}","templated":true}]}}