{"id":158935,"date":"2022-05-12T19:10:10","date_gmt":"2022-05-13T00:10:10","guid":{"rendered":"https:\/\/website.dev.stmtires.com\/shop\/sin categor\u00eda\/175-55r15-ecopia-h-l-422-plus\/"},"modified":"2025-11-11T19:25:58","modified_gmt":"2025-11-12T01:25:58","slug":"175-55r15-ecopia-h-l-422-plus-2","status":"publish","type":"product","link":"https:\/\/stmtires.com\/es\/shop\/bridgestone\/175-55r15-ecopia-h-l-422-plus-2\/","title":{"rendered":"175\/55R15 ECOPIA H\/L 422 PLUS"},"content":{"rendered":"<p>Llanta de cami\u00f3n ligero de pasajeros, SUV y minivan para todas las estaciones. Tecnolog\u00eda Run Flat disponible en tama\u00f1os seleccionados.<\/p>\n","protected":false},"excerpt":{"rendered":"<p>Llanta de cami\u00f3n ligero de pasajeros, SUV y minivan para todas las estaciones. Tecnolog\u00eda Run Flat disponible en tama\u00f1os seleccionados.<\/p>\n","protected":false},"featured_media":0,"comment_status":"open","ping_status":"closed","template":"","meta":{"_acf_changed":false,"subheading":[]},"product_model":[23009],"product_brand":[],"product_cat":[19271,25986,19253],"product_tag":[],"class_list":{"0":"post-158935","1":"product","2":"type-product","3":"status-publish","5":"product_model-ecopia-h-l-422-plus-es","6":"product_cat-corre-plano","7":"product_cat-luz-de-pasajero","8":"product_cat-uncategorized","9":"pa_tire-size-175-55r15-es","11":"first","12":"instock","13":"shipping-taxable","14":"purchasable","15":"product-type-simple"},"acf":[],"_links":{"self":[{"href":"https:\/\/stmtires.com\/es\/wp-json\/wp\/v2\/product\/158935","targetHints":{"allow":["GET"]}}],"collection":[{"href":"https:\/\/stmtires.com\/es\/wp-json\/wp\/v2\/product"}],"about":[{"href":"https:\/\/stmtires.com\/es\/wp-json\/wp\/v2\/types\/product"}],"replies":[{"embeddable":true,"href":"https:\/\/stmtires.com\/es\/wp-json\/wp\/v2\/comments?post=158935"}],"wp:attachment":[{"href":"https:\/\/stmtires.com\/es\/wp-json\/wp\/v2\/media?parent=158935"}],"wp:term":[{"taxonomy":"product_model","embeddable":true,"href":"https:\/\/stmtires.com\/es\/wp-json\/wp\/v2\/product_model?post=158935"},{"taxonomy":"product_brand","embeddable":true,"href":"https:\/\/stmtires.com\/es\/wp-json\/wp\/v2\/product_brand?post=158935"},{"taxonomy":"product_cat","embeddable":true,"href":"https:\/\/stmtires.com\/es\/wp-json\/wp\/v2\/product_cat?post=158935"},{"taxonomy":"product_tag","embeddable":true,"href":"https:\/\/stmtires.com\/es\/wp-json\/wp\/v2\/product_tag?post=158935"}],"curies":[{"name":"wp","href":"https:\/\/api.w.org\/{rel}","templated":true}]}}