{"id":158986,"date":"2022-05-12T19:09:21","date_gmt":"2022-05-13T00:09:21","guid":{"rendered":"https:\/\/website.dev.stmtires.com\/shop\/sin categor\u00eda\/245-45r19-xl-advan-sport-a-s\/"},"modified":"2022-07-20T22:01:18","modified_gmt":"2022-07-21T03:01:18","slug":"245-45r19-xl-advan-sport-a-s-2-2","status":"publish","type":"product","link":"https:\/\/stmtires.com\/es\/shop\/yokohama\/245-45r19-xl-advan-sport-a-s-2-2\/","title":{"rendered":"245\/45R19 XL ADVAN SPORT A\/S+"},"content":{"rendered":"<p>Neum\u00e1tico de autom\u00f3vil de pasajeros de ultra alto rendimiento para todas las estaciones para cup\u00e9s deportivos y sedanes de lujo.<\/p>\n","protected":false},"excerpt":{"rendered":"<p>Neum\u00e1tico de autom\u00f3vil de pasajeros de ultra alto rendimiento para todas las estaciones para cup\u00e9s deportivos y sedanes de lujo.<\/p>\n","protected":false},"featured_media":221778,"comment_status":"open","ping_status":"closed","template":"","meta":{"_acf_changed":false,"subheading":[]},"product_model":[23213],"product_brand":[54],"product_cat":[19264,16436,16237,19253],"product_tag":[],"class_list":{"0":"post-158986","1":"product","2":"type-product","3":"status-publish","4":"has-post-thumbnail","6":"product_model-advan-sport-a-s-2-es","7":"product_brand-yokohama","8":"product_cat-alto-rendimiento-hp","9":"product_cat-rendimiento-ultra-alto-uhp","10":"product_cat-ultra-high-performance-uhp","11":"product_cat-uncategorized","12":"pa_tire-size-245-45r19-es","14":"first","15":"instock","16":"shipping-taxable","17":"purchasable","18":"product-type-simple"},"acf":[],"_links":{"self":[{"href":"https:\/\/stmtires.com\/es\/wp-json\/wp\/v2\/product\/158986","targetHints":{"allow":["GET"]}}],"collection":[{"href":"https:\/\/stmtires.com\/es\/wp-json\/wp\/v2\/product"}],"about":[{"href":"https:\/\/stmtires.com\/es\/wp-json\/wp\/v2\/types\/product"}],"replies":[{"embeddable":true,"href":"https:\/\/stmtires.com\/es\/wp-json\/wp\/v2\/comments?post=158986"}],"wp:featuredmedia":[{"embeddable":true,"href":"https:\/\/stmtires.com\/es\/wp-json\/wp\/v2\/media\/221778"}],"wp:attachment":[{"href":"https:\/\/stmtires.com\/es\/wp-json\/wp\/v2\/media?parent=158986"}],"wp:term":[{"taxonomy":"product_model","embeddable":true,"href":"https:\/\/stmtires.com\/es\/wp-json\/wp\/v2\/product_model?post=158986"},{"taxonomy":"product_brand","embeddable":true,"href":"https:\/\/stmtires.com\/es\/wp-json\/wp\/v2\/product_brand?post=158986"},{"taxonomy":"product_cat","embeddable":true,"href":"https:\/\/stmtires.com\/es\/wp-json\/wp\/v2\/product_cat?post=158986"},{"taxonomy":"product_tag","embeddable":true,"href":"https:\/\/stmtires.com\/es\/wp-json\/wp\/v2\/product_tag?post=158986"}],"curies":[{"name":"wp","href":"https:\/\/api.w.org\/{rel}","templated":true}]}}