{"id":159079,"date":"2022-05-12T19:05:34","date_gmt":"2022-05-13T00:05:34","guid":{"rendered":"https:\/\/website.dev.stmtires.com\/shop\/sin categor\u00eda\/225-45r18-turanza-ls100-moe\/"},"modified":"2022-07-20T22:01:45","modified_gmt":"2022-07-21T03:01:45","slug":"225-45r18-turanza-ls100-moe-2","status":"publish","type":"product","link":"https:\/\/stmtires.com\/es\/shop\/bridgestone\/225-45r18-turanza-ls100-moe-2\/","title":{"rendered":"225\/45R18 TURANZA LS100 MOE"},"content":{"rendered":"<p>Neum\u00e1tico de turismo para turismos para todas las estaciones. Equipo original (OE) en veh\u00edculos seleccionados. Tecnolog\u00eda Run Flat disponible en ciertos tama\u00f1os.<\/p>\n","protected":false},"excerpt":{"rendered":"<p>Neum\u00e1tico de turismo para turismos para todas las estaciones. Equipo original (OE) en veh\u00edculos seleccionados. Tecnolog\u00eda Run Flat disponible en ciertos tama\u00f1os.<\/p>\n","protected":false},"featured_media":0,"comment_status":"open","ping_status":"closed","template":"","meta":{"_acf_changed":false,"subheading":[]},"product_model":[23169],"product_brand":[],"product_cat":[19271,19242,19289,19253],"product_tag":[],"class_list":{"0":"post-159079","1":"product","2":"type-product","3":"status-publish","5":"product_model-turanza-ls100-es","6":"product_cat-corre-plano","7":"product_cat-equipo-original-oe","8":"product_cat-radial-es","9":"product_cat-uncategorized","10":"pa_tire-size-225-45r18-es","12":"first","13":"instock","14":"shipping-taxable","15":"purchasable","16":"product-type-simple"},"acf":[],"_links":{"self":[{"href":"https:\/\/stmtires.com\/es\/wp-json\/wp\/v2\/product\/159079","targetHints":{"allow":["GET"]}}],"collection":[{"href":"https:\/\/stmtires.com\/es\/wp-json\/wp\/v2\/product"}],"about":[{"href":"https:\/\/stmtires.com\/es\/wp-json\/wp\/v2\/types\/product"}],"replies":[{"embeddable":true,"href":"https:\/\/stmtires.com\/es\/wp-json\/wp\/v2\/comments?post=159079"}],"wp:attachment":[{"href":"https:\/\/stmtires.com\/es\/wp-json\/wp\/v2\/media?parent=159079"}],"wp:term":[{"taxonomy":"product_model","embeddable":true,"href":"https:\/\/stmtires.com\/es\/wp-json\/wp\/v2\/product_model?post=159079"},{"taxonomy":"product_brand","embeddable":true,"href":"https:\/\/stmtires.com\/es\/wp-json\/wp\/v2\/product_brand?post=159079"},{"taxonomy":"product_cat","embeddable":true,"href":"https:\/\/stmtires.com\/es\/wp-json\/wp\/v2\/product_cat?post=159079"},{"taxonomy":"product_tag","embeddable":true,"href":"https:\/\/stmtires.com\/es\/wp-json\/wp\/v2\/product_tag?post=159079"}],"curies":[{"name":"wp","href":"https:\/\/api.w.org\/{rel}","templated":true}]}}