{"id":159085,"date":"2022-05-12T19:05:31","date_gmt":"2022-05-13T00:05:31","guid":{"rendered":"https:\/\/website.dev.stmtires.com\/shop\/sin categor\u00eda\/225-60r17-xl-blizzak-lm001\/"},"modified":"2022-07-20T22:01:55","modified_gmt":"2022-07-21T03:01:55","slug":"225-60r17-xl-blizzak-lm001-2","status":"publish","type":"product","link":"https:\/\/stmtires.com\/es\/shop\/bridgestone\/225-60r17-xl-blizzak-lm001-2\/","title":{"rendered":"225\/60R17 XL BLIZZAK LM001"},"content":{"rendered":"<p>Neum\u00e1tico de invierno para autom\u00f3viles de pasajeros dise\u00f1ado para conductores de sedanes y cup\u00e9s de alto rendimiento. Tecnolog\u00eda Run Flat disponible en tama\u00f1os seleccionados.<\/p>\n","protected":false},"excerpt":{"rendered":"<p>Neum\u00e1tico de invierno para autom\u00f3viles de pasajeros dise\u00f1ado para conductores de sedanes y cup\u00e9s de alto rendimiento. Tecnolog\u00eda Run Flat disponible en tama\u00f1os seleccionados.<\/p>\n","protected":false},"featured_media":0,"comment_status":"open","ping_status":"closed","template":"","meta":{"_acf_changed":false,"subheading":[]},"product_model":[23137],"product_brand":[],"product_cat":[19286,19288,19271,19265,19289,19253],"product_tag":[],"class_list":{"0":"post-159085","1":"product","2":"type-product","3":"status-publish","5":"product_model-blizzak-lm001-es","6":"product_cat-camion-autobus-comercial","7":"product_cat-conducir","8":"product_cat-corre-plano","9":"product_cat-invierno","10":"product_cat-radial-es","11":"product_cat-uncategorized","12":"pa_tire-size-225-60r17-es","14":"first","15":"instock","16":"shipping-taxable","17":"purchasable","18":"product-type-simple"},"acf":[],"_links":{"self":[{"href":"https:\/\/stmtires.com\/es\/wp-json\/wp\/v2\/product\/159085","targetHints":{"allow":["GET"]}}],"collection":[{"href":"https:\/\/stmtires.com\/es\/wp-json\/wp\/v2\/product"}],"about":[{"href":"https:\/\/stmtires.com\/es\/wp-json\/wp\/v2\/types\/product"}],"replies":[{"embeddable":true,"href":"https:\/\/stmtires.com\/es\/wp-json\/wp\/v2\/comments?post=159085"}],"wp:attachment":[{"href":"https:\/\/stmtires.com\/es\/wp-json\/wp\/v2\/media?parent=159085"}],"wp:term":[{"taxonomy":"product_model","embeddable":true,"href":"https:\/\/stmtires.com\/es\/wp-json\/wp\/v2\/product_model?post=159085"},{"taxonomy":"product_brand","embeddable":true,"href":"https:\/\/stmtires.com\/es\/wp-json\/wp\/v2\/product_brand?post=159085"},{"taxonomy":"product_cat","embeddable":true,"href":"https:\/\/stmtires.com\/es\/wp-json\/wp\/v2\/product_cat?post=159085"},{"taxonomy":"product_tag","embeddable":true,"href":"https:\/\/stmtires.com\/es\/wp-json\/wp\/v2\/product_tag?post=159085"}],"curies":[{"name":"wp","href":"https:\/\/api.w.org\/{rel}","templated":true}]}}