{"id":159194,"date":"2022-05-12T18:55:11","date_gmt":"2022-05-12T23:55:11","guid":{"rendered":"https:\/\/website.dev.stmtires.com\/shop\/sin categor\u00eda\/235-40r19-turanza-ls100-moe\/"},"modified":"2022-07-20T22:02:40","modified_gmt":"2022-07-21T03:02:40","slug":"235-40r19-turanza-ls100-moe-2","status":"publish","type":"product","link":"https:\/\/stmtires.com\/es\/shop\/bridgestone\/235-40r19-turanza-ls100-moe-2\/","title":{"rendered":"235\/40R19 TURANZA LS100 MOE"},"content":{"rendered":"<p>Neum\u00e1tico de turismo para turismos para todas las estaciones. Equipo original (OE) en veh\u00edculos seleccionados. Tecnolog\u00eda Run Flat disponible en ciertos tama\u00f1os.<\/p>\n","protected":false},"excerpt":{"rendered":"<p>Neum\u00e1tico de turismo para turismos para todas las estaciones. Equipo original (OE) en veh\u00edculos seleccionados. Tecnolog\u00eda Run Flat disponible en ciertos tama\u00f1os.<\/p>\n","protected":false},"featured_media":0,"comment_status":"open","ping_status":"closed","template":"","meta":{"_acf_changed":false,"subheading":[]},"product_model":[23169],"product_brand":[],"product_cat":[19271,19242,19289,16295,19253],"product_tag":[],"class_list":{"0":"post-159194","1":"product","2":"type-product","3":"status-publish","5":"product_model-turanza-ls100-es","6":"product_cat-corre-plano","7":"product_cat-equipo-original-oe","8":"product_cat-radial-es","9":"product_cat-run-flat","10":"product_cat-uncategorized","11":"pa_tire-size-235-40r19-es","13":"first","14":"instock","15":"shipping-taxable","16":"purchasable","17":"product-type-simple"},"acf":[],"_links":{"self":[{"href":"https:\/\/stmtires.com\/es\/wp-json\/wp\/v2\/product\/159194","targetHints":{"allow":["GET"]}}],"collection":[{"href":"https:\/\/stmtires.com\/es\/wp-json\/wp\/v2\/product"}],"about":[{"href":"https:\/\/stmtires.com\/es\/wp-json\/wp\/v2\/types\/product"}],"replies":[{"embeddable":true,"href":"https:\/\/stmtires.com\/es\/wp-json\/wp\/v2\/comments?post=159194"}],"wp:attachment":[{"href":"https:\/\/stmtires.com\/es\/wp-json\/wp\/v2\/media?parent=159194"}],"wp:term":[{"taxonomy":"product_model","embeddable":true,"href":"https:\/\/stmtires.com\/es\/wp-json\/wp\/v2\/product_model?post=159194"},{"taxonomy":"product_brand","embeddable":true,"href":"https:\/\/stmtires.com\/es\/wp-json\/wp\/v2\/product_brand?post=159194"},{"taxonomy":"product_cat","embeddable":true,"href":"https:\/\/stmtires.com\/es\/wp-json\/wp\/v2\/product_cat?post=159194"},{"taxonomy":"product_tag","embeddable":true,"href":"https:\/\/stmtires.com\/es\/wp-json\/wp\/v2\/product_tag?post=159194"}],"curies":[{"name":"wp","href":"https:\/\/api.w.org\/{rel}","templated":true}]}}