{"id":159875,"date":"2022-05-12T18:47:26","date_gmt":"2022-05-12T23:47:26","guid":{"rendered":"https:\/\/website.dev.stmtires.com\/shop\/sin categor\u00eda\/13-80r20-j-y785r\/"},"modified":"2022-05-12T18:47:26","modified_gmt":"2022-05-12T23:47:26","slug":"13-80r20-j-y785r-2","status":"publish","type":"product","link":"https:\/\/stmtires.com\/es\/shop\/yokohama\/13-80r20-j-y785r-2\/","title":{"rendered":"13\/80R20 J Y785R"},"content":{"rendered":"<p>Cami\u00f3n\/Autob\u00fas Comercial. Cami\u00f3n de servicio mediano All-Position Highway All Steel\/Steel Belted Radial Rib neum\u00e1tico. Adecuado para transportistas en la ciudad, como veh\u00edculos de entrega de paquetes, veh\u00edculos de entrega de petr\u00f3leo, camionetas ligeras y camionetas.<\/p>\n","protected":false},"excerpt":{"rendered":"<p>Cami\u00f3n\/Autob\u00fas Comercial. Cami\u00f3n de servicio mediano All-Position Highway All Steel\/Steel Belted Radial Rib neum\u00e1tico. Adecuado para transportistas en la ciudad, como veh\u00edculos de entrega de paquetes, veh\u00edculos de entrega de petr\u00f3leo, camionetas ligeras y camionetas.<\/p>\n","protected":false},"featured_media":0,"comment_status":"open","ping_status":"closed","template":"","meta":{"_acf_changed":false,"subheading":[]},"product_model":[22848],"product_brand":[54],"product_cat":[19286,19324,19289,16312,19287,19316,19253],"product_tag":[],"class_list":{"0":"post-159875","1":"product","2":"type-product","3":"status-publish","5":"product_model-y785r-es-2","6":"product_brand-yokohama","7":"product_cat-camion-autobus-comercial","8":"product_cat-costilla","9":"product_cat-radial-es","10":"product_cat-rib","11":"product_cat-servicio-de-autopistas","12":"product_cat-todas-las-posiciones","13":"product_cat-uncategorized","14":"pa_tire-size-13r20-es","16":"first","17":"instock","18":"shipping-taxable","19":"purchasable","20":"product-type-simple"},"acf":[],"_links":{"self":[{"href":"https:\/\/stmtires.com\/es\/wp-json\/wp\/v2\/product\/159875","targetHints":{"allow":["GET"]}}],"collection":[{"href":"https:\/\/stmtires.com\/es\/wp-json\/wp\/v2\/product"}],"about":[{"href":"https:\/\/stmtires.com\/es\/wp-json\/wp\/v2\/types\/product"}],"replies":[{"embeddable":true,"href":"https:\/\/stmtires.com\/es\/wp-json\/wp\/v2\/comments?post=159875"}],"wp:attachment":[{"href":"https:\/\/stmtires.com\/es\/wp-json\/wp\/v2\/media?parent=159875"}],"wp:term":[{"taxonomy":"product_model","embeddable":true,"href":"https:\/\/stmtires.com\/es\/wp-json\/wp\/v2\/product_model?post=159875"},{"taxonomy":"product_brand","embeddable":true,"href":"https:\/\/stmtires.com\/es\/wp-json\/wp\/v2\/product_brand?post=159875"},{"taxonomy":"product_cat","embeddable":true,"href":"https:\/\/stmtires.com\/es\/wp-json\/wp\/v2\/product_cat?post=159875"},{"taxonomy":"product_tag","embeddable":true,"href":"https:\/\/stmtires.com\/es\/wp-json\/wp\/v2\/product_tag?post=159875"}],"curies":[{"name":"wp","href":"https:\/\/api.w.org\/{rel}","templated":true}]}}