{"id":159965,"date":"2022-05-02T08:28:23","date_gmt":"2022-05-02T13:28:23","guid":{"rendered":"https:\/\/website.dev.stmtires.com\/shop\/sin categor\u00eda\/235-50zr19-sportcontacto-6-mo1\/"},"modified":"2022-05-02T08:28:23","modified_gmt":"2022-05-02T13:28:23","slug":"235-50zr19-sportcontacto-6-mo1","status":"publish","type":"product","link":"https:\/\/stmtires.com\/es\/shop\/continental-es\/235-50zr19-sportcontacto-6-mo1\/","title":{"rendered":"235\/50ZR19 SPORTCONTACTO 6 MO1"},"content":{"rendered":"<p>Equipo original Neum\u00e1tico de autom\u00f3vil de pasajeros de ultra alto rendimiento. Tecnolog\u00eda Run Flat disponible en tama\u00f1os seleccionados.<\/p>\n","protected":false},"excerpt":{"rendered":"<p>Equipo original Neum\u00e1tico de autom\u00f3vil de pasajeros de ultra alto rendimiento. Tecnolog\u00eda Run Flat disponible en tama\u00f1os seleccionados.<\/p>\n","protected":false},"featured_media":104108,"comment_status":"open","ping_status":"closed","template":"","meta":{"_acf_changed":false,"subheading":[]},"product_model":[22272],"product_brand":[15742],"product_cat":[16438,19242,16436],"product_tag":[],"class_list":{"0":"post-159965","1":"product","2":"type-product","3":"status-publish","4":"has-post-thumbnail","6":"product_model-sportcontact-6-es","7":"product_brand-continental-es","8":"product_cat-coche-de-pasajeros-minivan","9":"product_cat-equipo-original-oe","10":"product_cat-rendimiento-ultra-alto-uhp","11":"pa_tire-size-235-50r19-es","13":"first","14":"instock","15":"shipping-taxable","16":"purchasable","17":"product-type-simple"},"acf":[],"_links":{"self":[{"href":"https:\/\/stmtires.com\/es\/wp-json\/wp\/v2\/product\/159965","targetHints":{"allow":["GET"]}}],"collection":[{"href":"https:\/\/stmtires.com\/es\/wp-json\/wp\/v2\/product"}],"about":[{"href":"https:\/\/stmtires.com\/es\/wp-json\/wp\/v2\/types\/product"}],"replies":[{"embeddable":true,"href":"https:\/\/stmtires.com\/es\/wp-json\/wp\/v2\/comments?post=159965"}],"wp:featuredmedia":[{"embeddable":true,"href":"https:\/\/stmtires.com\/es\/wp-json\/wp\/v2\/media\/104108"}],"wp:attachment":[{"href":"https:\/\/stmtires.com\/es\/wp-json\/wp\/v2\/media?parent=159965"}],"wp:term":[{"taxonomy":"product_model","embeddable":true,"href":"https:\/\/stmtires.com\/es\/wp-json\/wp\/v2\/product_model?post=159965"},{"taxonomy":"product_brand","embeddable":true,"href":"https:\/\/stmtires.com\/es\/wp-json\/wp\/v2\/product_brand?post=159965"},{"taxonomy":"product_cat","embeddable":true,"href":"https:\/\/stmtires.com\/es\/wp-json\/wp\/v2\/product_cat?post=159965"},{"taxonomy":"product_tag","embeddable":true,"href":"https:\/\/stmtires.com\/es\/wp-json\/wp\/v2\/product_tag?post=159965"}],"curies":[{"name":"wp","href":"https:\/\/api.w.org\/{rel}","templated":true}]}}