{"id":159970,"date":"2022-05-02T08:28:14","date_gmt":"2022-05-02T13:28:14","guid":{"rendered":"https:\/\/website.dev.stmtires.com\/shop\/sin categor\u00eda\/325-35r22-sportcontacto-6-sil-mo\/"},"modified":"2022-05-02T08:28:14","modified_gmt":"2022-05-02T13:28:14","slug":"325-35r22-sportcontact-6-sil-mo-2","status":"publish","type":"product","link":"https:\/\/stmtires.com\/es\/shop\/continental-es\/325-35r22-sportcontact-6-sil-mo-2\/","title":{"rendered":"325\/35R22 SPORTCONTACTO 6 SIL MO"},"content":{"rendered":"<p>Equipo original Neum\u00e1tico de autom\u00f3vil de pasajeros de ultra alto rendimiento. Tecnolog\u00eda Run Flat disponible en tama\u00f1os seleccionados.<\/p>\n","protected":false},"excerpt":{"rendered":"<p>Equipo original Neum\u00e1tico de autom\u00f3vil de pasajeros de ultra alto rendimiento. Tecnolog\u00eda Run Flat disponible en tama\u00f1os seleccionados.<\/p>\n","protected":false},"featured_media":226263,"comment_status":"open","ping_status":"closed","template":"","meta":{"_acf_changed":false,"subheading":[]},"product_model":[22272],"product_brand":[15742],"product_cat":[19264,19271,19242,16436,16295],"product_tag":[],"class_list":{"0":"post-159970","1":"product","2":"type-product","3":"status-publish","4":"has-post-thumbnail","6":"product_model-sportcontact-6-es","7":"product_brand-continental-es","8":"product_cat-alto-rendimiento-hp","9":"product_cat-corre-plano","10":"product_cat-equipo-original-oe","11":"product_cat-rendimiento-ultra-alto-uhp","12":"product_cat-run-flat","13":"pa_tire-size-325-35r22-es","15":"first","16":"instock","17":"shipping-taxable","18":"purchasable","19":"product-type-simple"},"acf":[],"_links":{"self":[{"href":"https:\/\/stmtires.com\/es\/wp-json\/wp\/v2\/product\/159970","targetHints":{"allow":["GET"]}}],"collection":[{"href":"https:\/\/stmtires.com\/es\/wp-json\/wp\/v2\/product"}],"about":[{"href":"https:\/\/stmtires.com\/es\/wp-json\/wp\/v2\/types\/product"}],"replies":[{"embeddable":true,"href":"https:\/\/stmtires.com\/es\/wp-json\/wp\/v2\/comments?post=159970"}],"wp:featuredmedia":[{"embeddable":true,"href":"https:\/\/stmtires.com\/es\/wp-json\/wp\/v2\/media\/226263"}],"wp:attachment":[{"href":"https:\/\/stmtires.com\/es\/wp-json\/wp\/v2\/media?parent=159970"}],"wp:term":[{"taxonomy":"product_model","embeddable":true,"href":"https:\/\/stmtires.com\/es\/wp-json\/wp\/v2\/product_model?post=159970"},{"taxonomy":"product_brand","embeddable":true,"href":"https:\/\/stmtires.com\/es\/wp-json\/wp\/v2\/product_brand?post=159970"},{"taxonomy":"product_cat","embeddable":true,"href":"https:\/\/stmtires.com\/es\/wp-json\/wp\/v2\/product_cat?post=159970"},{"taxonomy":"product_tag","embeddable":true,"href":"https:\/\/stmtires.com\/es\/wp-json\/wp\/v2\/product_tag?post=159970"}],"curies":[{"name":"wp","href":"https:\/\/api.w.org\/{rel}","templated":true}]}}