{"id":159974,"date":"2022-05-02T08:05:39","date_gmt":"2022-05-02T13:05:39","guid":{"rendered":"https:\/\/website.dev.stmtires.com\/shop\/sin categor\u00eda\/335-30zr23-xl-fr-sportcontact-6\/"},"modified":"2022-05-02T08:05:39","modified_gmt":"2022-05-02T13:05:39","slug":"335-30zr23-xl-fr-sportcontact-6-2","status":"publish","type":"product","link":"https:\/\/stmtires.com\/es\/shop\/continental-es\/335-30zr23-xl-fr-sportcontact-6-2\/","title":{"rendered":"335\/30ZR23 XL FR SPORTCONTACT 6"},"content":{"rendered":"<p>Equipo original Neum\u00e1tico de autom\u00f3vil de pasajeros de ultra alto rendimiento. Tecnolog\u00eda Run Flat disponible en tama\u00f1os seleccionados.<\/p>\n","protected":false},"excerpt":{"rendered":"<p>Equipo original Neum\u00e1tico de autom\u00f3vil de pasajeros de ultra alto rendimiento. Tecnolog\u00eda Run Flat disponible en tama\u00f1os seleccionados.<\/p>\n","protected":false},"featured_media":226263,"comment_status":"open","ping_status":"closed","template":"","meta":{"_acf_changed":false,"subheading":[]},"product_model":[22272],"product_brand":[15742],"product_cat":[19264,19271,19242,16436],"product_tag":[],"class_list":{"0":"post-159974","1":"product","2":"type-product","3":"status-publish","4":"has-post-thumbnail","6":"product_model-sportcontact-6-es","7":"product_brand-continental-es","8":"product_cat-alto-rendimiento-hp","9":"product_cat-corre-plano","10":"product_cat-equipo-original-oe","11":"product_cat-rendimiento-ultra-alto-uhp","12":"pa_tire-size-335-30r23-es","14":"first","15":"instock","16":"shipping-taxable","17":"purchasable","18":"product-type-simple"},"acf":[],"_links":{"self":[{"href":"https:\/\/stmtires.com\/es\/wp-json\/wp\/v2\/product\/159974","targetHints":{"allow":["GET"]}}],"collection":[{"href":"https:\/\/stmtires.com\/es\/wp-json\/wp\/v2\/product"}],"about":[{"href":"https:\/\/stmtires.com\/es\/wp-json\/wp\/v2\/types\/product"}],"replies":[{"embeddable":true,"href":"https:\/\/stmtires.com\/es\/wp-json\/wp\/v2\/comments?post=159974"}],"wp:featuredmedia":[{"embeddable":true,"href":"https:\/\/stmtires.com\/es\/wp-json\/wp\/v2\/media\/226263"}],"wp:attachment":[{"href":"https:\/\/stmtires.com\/es\/wp-json\/wp\/v2\/media?parent=159974"}],"wp:term":[{"taxonomy":"product_model","embeddable":true,"href":"https:\/\/stmtires.com\/es\/wp-json\/wp\/v2\/product_model?post=159974"},{"taxonomy":"product_brand","embeddable":true,"href":"https:\/\/stmtires.com\/es\/wp-json\/wp\/v2\/product_brand?post=159974"},{"taxonomy":"product_cat","embeddable":true,"href":"https:\/\/stmtires.com\/es\/wp-json\/wp\/v2\/product_cat?post=159974"},{"taxonomy":"product_tag","embeddable":true,"href":"https:\/\/stmtires.com\/es\/wp-json\/wp\/v2\/product_tag?post=159974"}],"curies":[{"name":"wp","href":"https:\/\/api.w.org\/{rel}","templated":true}]}}