{"id":160126,"date":"2022-05-12T18:45:25","date_gmt":"2022-05-12T23:45:25","guid":{"rendered":"https:\/\/website.dev.stmtires.com\/shop\/sin categor\u00eda\/325-35zr22-advan-sport-v107-mo\/"},"modified":"2022-05-12T18:45:25","modified_gmt":"2022-05-12T23:45:25","slug":"325-35zr22-advan-sport-v107-mo-2","status":"publish","type":"product","link":"https:\/\/stmtires.com\/es\/shop\/yokohama\/325-35zr22-advan-sport-v107-mo-2\/","title":{"rendered":"325\/35ZR22 ADVAN SPORT V107 MO"},"content":{"rendered":"<p>Neum\u00e1tico de pasajero de alto rendimiento de verano desarrollado principalmente para su uso en autom\u00f3viles premium de alta potencia. Equipo original en veh\u00edculos seleccionados.<\/p>\n","protected":false},"excerpt":{"rendered":"<p>Neum\u00e1tico de pasajero de alto rendimiento de verano desarrollado principalmente para su uso en autom\u00f3viles premium de alta potencia. Equipo original en veh\u00edculos seleccionados.<\/p>\n","protected":false},"featured_media":0,"comment_status":"open","ping_status":"closed","template":"","meta":{"_acf_changed":false,"subheading":[]},"product_model":[23161],"product_brand":[54],"product_cat":[19264,19242,16244,19253],"product_tag":[],"class_list":{"0":"post-160126","1":"product","2":"type-product","3":"status-publish","5":"product_model-advan-sport-v107-es","6":"product_brand-yokohama","7":"product_cat-alto-rendimiento-hp","8":"product_cat-equipo-original-oe","9":"product_cat-original-equipment-oe","10":"product_cat-uncategorized","11":"pa_tire-size-325-35r22-es","13":"first","14":"instock","15":"shipping-taxable","16":"purchasable","17":"product-type-simple"},"acf":[],"_links":{"self":[{"href":"https:\/\/stmtires.com\/es\/wp-json\/wp\/v2\/product\/160126","targetHints":{"allow":["GET"]}}],"collection":[{"href":"https:\/\/stmtires.com\/es\/wp-json\/wp\/v2\/product"}],"about":[{"href":"https:\/\/stmtires.com\/es\/wp-json\/wp\/v2\/types\/product"}],"replies":[{"embeddable":true,"href":"https:\/\/stmtires.com\/es\/wp-json\/wp\/v2\/comments?post=160126"}],"wp:attachment":[{"href":"https:\/\/stmtires.com\/es\/wp-json\/wp\/v2\/media?parent=160126"}],"wp:term":[{"taxonomy":"product_model","embeddable":true,"href":"https:\/\/stmtires.com\/es\/wp-json\/wp\/v2\/product_model?post=160126"},{"taxonomy":"product_brand","embeddable":true,"href":"https:\/\/stmtires.com\/es\/wp-json\/wp\/v2\/product_brand?post=160126"},{"taxonomy":"product_cat","embeddable":true,"href":"https:\/\/stmtires.com\/es\/wp-json\/wp\/v2\/product_cat?post=160126"},{"taxonomy":"product_tag","embeddable":true,"href":"https:\/\/stmtires.com\/es\/wp-json\/wp\/v2\/product_tag?post=160126"}],"curies":[{"name":"wp","href":"https:\/\/api.w.org\/{rel}","templated":true}]}}