{"id":160637,"date":"2022-05-12T18:40:53","date_gmt":"2022-05-12T23:40:53","guid":{"rendered":"https:\/\/website.dev.stmtires.com\/shop\/sin categor\u00eda\/225-45r18-xl-turanza-ls100-a\/"},"modified":"2022-05-12T18:40:53","modified_gmt":"2022-05-12T23:40:53","slug":"225-45r18-xl-turanza-ls100-a-2-2","status":"publish","type":"product","link":"https:\/\/stmtires.com\/es\/shop\/bridgestone-es\/225-45r18-xl-turanza-ls100-a-2-2\/","title":{"rendered":"225\/45R18 XL TURANZA LS100 A (*)"},"content":{"rendered":"<p>Neum\u00e1tico de turismo para turismos para todas las estaciones. Tecnolog\u00eda Run Flat disponible en ciertos tama\u00f1os. Equipo original (OE) en veh\u00edculos seleccionados.<\/p>\n","protected":false},"excerpt":{"rendered":"<p>Neum\u00e1tico de turismo para turismos para todas las estaciones. Tecnolog\u00eda Run Flat disponible en ciertos tama\u00f1os. Equipo original (OE) en veh\u00edculos seleccionados.<\/p>\n","protected":false},"featured_media":0,"comment_status":"open","ping_status":"closed","template":"","meta":{"_acf_changed":false,"subheading":[]},"product_model":[23094],"product_brand":[],"product_cat":[19271,19242,19253],"product_tag":[],"class_list":{"0":"post-160637","1":"product","2":"type-product","3":"status-publish","5":"product_model-turanza-ls100-a-es","6":"product_cat-corre-plano","7":"product_cat-equipo-original-oe","8":"product_cat-uncategorized","9":"pa_tire-size-225-45r18-es","11":"first","12":"instock","13":"shipping-taxable","14":"purchasable","15":"product-type-simple"},"acf":[],"_links":{"self":[{"href":"https:\/\/stmtires.com\/es\/wp-json\/wp\/v2\/product\/160637","targetHints":{"allow":["GET"]}}],"collection":[{"href":"https:\/\/stmtires.com\/es\/wp-json\/wp\/v2\/product"}],"about":[{"href":"https:\/\/stmtires.com\/es\/wp-json\/wp\/v2\/types\/product"}],"replies":[{"embeddable":true,"href":"https:\/\/stmtires.com\/es\/wp-json\/wp\/v2\/comments?post=160637"}],"wp:attachment":[{"href":"https:\/\/stmtires.com\/es\/wp-json\/wp\/v2\/media?parent=160637"}],"wp:term":[{"taxonomy":"product_model","embeddable":true,"href":"https:\/\/stmtires.com\/es\/wp-json\/wp\/v2\/product_model?post=160637"},{"taxonomy":"product_brand","embeddable":true,"href":"https:\/\/stmtires.com\/es\/wp-json\/wp\/v2\/product_brand?post=160637"},{"taxonomy":"product_cat","embeddable":true,"href":"https:\/\/stmtires.com\/es\/wp-json\/wp\/v2\/product_cat?post=160637"},{"taxonomy":"product_tag","embeddable":true,"href":"https:\/\/stmtires.com\/es\/wp-json\/wp\/v2\/product_tag?post=160637"}],"curies":[{"name":"wp","href":"https:\/\/api.w.org\/{rel}","templated":true}]}}